{"id":326,"date":"2016-12-04T01:00:31","date_gmt":"2016-12-04T00:00:31","guid":{"rendered":"http:\/\/spektrumweb.pl\/?page_id=326"},"modified":"2019-12-05T00:26:24","modified_gmt":"2019-12-04T23:26:24","slug":"outsourcing-it","status":"publish","type":"page","link":"https:\/\/spektrumweb.pl\/index.php\/outsourcing-it\/","title":{"rendered":"Outsourcing IT"},"content":{"rendered":"<p style=\"text-align: justify;\"><strong>W praktyce oznacza to <\/strong>przekazanie prowadzenia dzia\u0142u informatycznego firmie zewn\u0119trznej, nale\u017cy do najefektywniejszych strategii zarz\u0105dzania przedsi\u0119biorstwem. Utrzymanie<br \/>\nw\u0142asnego dzia\u0142u IT jest cz\u0119sto bardzo kosztowne i cz\u0119sto nie gwarantuje odpowiedniego poziomu \u015bwiadczonych us\u0142ug.<\/p>\n<p style=\"text-align: justify;\"><strong>Outsourcing IT<\/strong> pozwala na szybsz\u0105 modernizacj\u0119 i optymalizacj\u0119 proces\u00f3w biznesowych. Dzi\u0119ki niemu organizacja mo\u017ce zrezygnowa\u0107 z drugorz\u0119dnych zada\u0144 i skupi\u0107 si\u0119 na tym, co robi najlepiej, czyli na swoich kluczowych kierunkach.<\/p>\n<p style=\"text-align: justify;\">Inwestujemy w nowoczesne technologie, metody zarz\u0105dzania oraz wykwalifikowany personel. Dzi\u0119ki naszemu wieloletniemu do\u015bwiadczeniu w obs\u0142udze serwisowej system\u00f3w IT, nasi Klienci nie musz\u0105 si\u0119 martwi\u0107 o obs\u0142ug\u0119 informatyczn\u0105, oraz zatrudnianie w\u0142asnych pracownik\u00f3w w dziale informatycznym. Posiadamy wiedz\u0119 na temat najnowszych technologii informatycznych, kt\u00f3r\u0105 wykorzystujemy do zapewnienia naszym Klientom maksimum mo\u017cliwo\u015bci w prowadzonych przez nich dzia\u0142alno\u015bci.<\/p>\n<p style=\"text-align: justify;\"><strong><span class=\"news_tytul\">Co gwarantuje podpisanie umowy serwisowej?<\/span><\/strong><\/p>\n<p style=\"text-align: justify;\">1. Gwarantowany czas reakcji i naprawy na zaistnia\u0142e zg\u0142oszenie \/ awari\u0119:<\/p>\n<ul style=\"text-align: justify;\">\n<li>Szybki kontakt serwisanta w celu telefonicznego rozwi\u0105zania problemu<\/li>\n<li>W przypadku konieczno\u015bci przyjazd w okre\u015blonym w abonamencie czasie<\/li>\n<\/ul>\n<p style=\"text-align: justify;\" align=\"left\">2. Okresowe wizyty kontrolne w celu PROAKTYWNEGO przegl\u0105du sprz\u0119tu komputerowego.<br \/>\n3. Wdra\u017canie polityki bezpiecze\u0144stwa danych (kontrola uprawnie\u0144 dost\u0119pu, ochrona antywirusowa, archiwizacja danych), oraz audyt legalno\u015bci oprogramowania.<br \/>\n4. Prowadzenie bie\u017c\u0105cej dokumentacji sprz\u0119tu komputerowego, oprogramowania, rodzaju i sposobu zabezpiecze\u0144.<br \/>\n5. Telefoniczny, mailowy, komunikatorowy (GG, Skype), czyli kontakt z serwisem\u00a0SPEKTRUM w celu rozwi\u0105zywania bie\u017c\u0105cych drobnych problem\u00f3w i usterek.<br \/>\n6. Preferencyjne ceny us\u0142ug i towar\u00f3w . Bezp\u0142atne konsultacje i pomoc w doborze nowego sprz\u0119tu komputerowego, materia\u0142\u00f3w biurowych i eksploatacyjnych.<br \/>\n7. Podstawowe szkolenia z obs\u0142ugi sprz\u0119tu, oprogramowania i technologii sieciowych potrzebnych na codzie\u0144 u\u017cytkownikom w ich codziennej pracy.<br \/>\n8. Fachow\u0105 obs\u0142ug\u0119 infrastruktury sieci komputerowej i okablowania w przypadku wyst\u0105pienia problem\u00f3w oraz konieczno\u015bci rozbudowy sieci.<br \/>\n9. Szybki i profesjonalny serwis i konserwacj\u0119 zestaw\u00f3w komputerowych. Okresowe czyszczenie fizycznie komputer\u00f3w wewn\u0105trz i na zewn\u0105trz przy pomocy profesjonalnego sprz\u0119tu, takiego jak kompresor bezolejowy oraz specjalne \u015brodki chemiczne do czyszczenia plastik\u00f3w, ekran\u00f3w CRT i LCD.<\/p>\n<hr \/>\n<table class=\"contentpaneopen\" border=\"0\">\n<tbody>\n<tr>\n<td class=\"contentheading\" width=\"100%\"><strong>Umowy serwisowe<\/strong><\/td>\n<td class=\"buttonheading\" align=\"right\" width=\"100%\"><a title=\"PDF\" href=\"http:\/\/karo-net.dyndns.biz\/\/index2.php?option=com_content&amp;do_pdf=1&amp;id=123\" target=\"_blank\" rel=\"noopener noreferrer\">\u00a0<\/a><\/td>\n<td class=\"buttonheading\" align=\"right\" width=\"100%\"><a title=\"Drukuj\" href=\"http:\/\/karo-net.dyndns.biz\/\/index2.php?option=com_content&amp;task=view&amp;id=123&amp;pop=1&amp;page=0&amp;Itemid=75\" target=\"_blank\" rel=\"noopener noreferrer\">\u00a0<\/a><\/td>\n<td class=\"buttonheading\" align=\"right\" width=\"100%\"><a title=\"Email\" href=\"http:\/\/karo-net.dyndns.biz\/\/index2.php?option=com_content&amp;task=emailform&amp;id=123&amp;itemid=75\" target=\"_blank\" rel=\"noopener noreferrer\">\u00a0<\/a><\/td>\n<\/tr>\n<\/tbody>\n<\/table>\n<table class=\"contentpaneopen\" border=\"0\">\n<tbody>\n<tr>\n<td colspan=\"2\" valign=\"top\">\n<p align=\"justify\"><strong>Warunki um\u00f3w na outsourcing IT<\/strong> uzale\u017cnione s\u0105 w znacznej mierze od specyficznych wymaga\u0144 i oczekiwa\u0144 Pa\u0144stwa przedsi\u0119biorstwa. Nie jest mo\u017cliwe zaproponowanie takiego samego rozwi\u0105zania dla ka\u017cdej firmy. Ca\u0142y proces podpisania umowy outsourcingowej musi zosta\u0107 poprzedzony wykonaniem analizy proces\u00f3w biznesowych wyst\u0119puj\u0105cych w Pa\u0144stwa firmie. Do jego przeprowadzenia potrzebny jest minimalny zestaw danych, kt\u00f3rego zdefiniowanie u\u0142atwia dobranie warunk\u00f3w serwisowania Pa\u0144stwa system\u00f3w:<\/p>\n<hr \/>\n<p align=\"justify\"><strong><span class=\"news_tytul\">Dane niezb\u0119dne dla okre\u015blenia warunk\u00f3w umowy serwisowej<\/span><\/strong><\/p>\n<ul>\n<li>\n<div>Ilo\u015b\u0107 komputer\u00f3w stacjonarnych, notebook\u00f3w i serwer\u00f3w wraz z informacj\u0105 o systemach operacyjnych zainstalowanych na tych komputerach (lub planowanych do instalacji)<\/div>\n<\/li>\n<li>\n<div>Podstawowe parametry u\u017cywanego sprz\u0119tu komputerowego (procesor, pami\u0119\u0107, dysk twardy)<\/div>\n<\/li>\n<li>\n<div>Istniej\u0105ce rozwi\u0105zania antywirusowe (producent, wersja oprogramowania)<\/div>\n<\/li>\n<li>\n<div>Istniej\u0105ce rozwi\u0105zania archiwizacji danych (spos\u00f3b wykonywania kopii zapasowych)<\/div>\n<\/li>\n<li>\n<div>Spos\u00f3b pod\u0142\u0105czenia firmy do Internetu (rodzaj \u0142\u0105cza, przepustowo\u015b\u0107, provider)<\/div>\n<\/li>\n<li>\n<div>Spos\u00f3b pod\u0142\u0105czenia firmy do sieci telefonicznej (operator, centrala telefoniczna)<\/div>\n<\/li>\n<\/ul>\n<hr \/>\n<p align=\"justify\"><span class=\"news_tytul\"><strong>Przygotowanie i zawarto\u015b\u0107 umowy na outsourcing IT<\/strong><\/span><\/p>\n<p align=\"justify\">Po otrzymaniu powy\u017cszych informacji zostanie zaproponowana Pa\u0144stwu umowa outsourcingowa zawieraj\u0105ca:<\/p>\n<p>* odpowiednio dobrane do Pa\u0144stwa oczekiwa\u0144 poziomy SLA (Service Level Agrement), zawieraj\u0105ce propozycje czas\u00f3w reakcji \/ naprawy na wyst\u0119puj\u0105ce zdarzenia.<\/td>\n<\/tr>\n<\/tbody>\n<\/table>\n","protected":false},"excerpt":{"rendered":"<p>W praktyce oznacza to przekazanie prowadzenia dzia\u0142u informatycznego firmie zewn\u0119trznej, nale\u017cy do najefektywniejszych strategii zarz\u0105dzania przedsi\u0119biorstwem. Utrzymanie w\u0142asnego dzia\u0142u IT jest cz\u0119sto bardzo kosztowne i cz\u0119sto nie gwarantuje odpowiedniego poziomu \u015bwiadczonych us\u0142ug. Outsourcing IT pozwala na szybsz\u0105 modernizacj\u0119 i optymalizacj\u0119 proces\u00f3w biznesowych. Dzi\u0119ki niemu organizacja mo\u017ce zrezygnowa\u0107 z drugorz\u0119dnych zada\u0144 i skupi\u0107 si\u0119 na tym, [&hellip;]<\/p>\n","protected":false},"author":1,"featured_media":88,"parent":0,"menu_order":0,"comment_status":"closed","ping_status":"closed","template":"","meta":{"ngg_post_thumbnail":0,"footnotes":""},"class_list":["post-326","page","type-page","status-publish","has-post-thumbnail","hentry"],"_links":{"self":[{"href":"https:\/\/spektrumweb.pl\/index.php\/wp-json\/wp\/v2\/pages\/326","targetHints":{"allow":["GET"]}}],"collection":[{"href":"https:\/\/spektrumweb.pl\/index.php\/wp-json\/wp\/v2\/pages"}],"about":[{"href":"https:\/\/spektrumweb.pl\/index.php\/wp-json\/wp\/v2\/types\/page"}],"author":[{"embeddable":true,"href":"https:\/\/spektrumweb.pl\/index.php\/wp-json\/wp\/v2\/users\/1"}],"replies":[{"embeddable":true,"href":"https:\/\/spektrumweb.pl\/index.php\/wp-json\/wp\/v2\/comments?post=326"}],"version-history":[{"count":2,"href":"https:\/\/spektrumweb.pl\/index.php\/wp-json\/wp\/v2\/pages\/326\/revisions"}],"predecessor-version":[{"id":65049,"href":"https:\/\/spektrumweb.pl\/index.php\/wp-json\/wp\/v2\/pages\/326\/revisions\/65049"}],"wp:featuredmedia":[{"embeddable":true,"href":"https:\/\/spektrumweb.pl\/index.php\/wp-json\/wp\/v2\/media\/88"}],"wp:attachment":[{"href":"https:\/\/spektrumweb.pl\/index.php\/wp-json\/wp\/v2\/media?parent=326"}],"curies":[{"name":"wp","href":"https:\/\/api.w.org\/{rel}","templated":true}]}}