{"id":336,"date":"2016-12-04T22:34:30","date_gmt":"2016-12-04T21:34:30","guid":{"rendered":"http:\/\/spektrumweb.pl\/?page_id=336"},"modified":"2026-04-06T23:36:47","modified_gmt":"2026-04-06T21:36:47","slug":"reklama","status":"publish","type":"page","link":"https:\/\/spektrumweb.pl\/index.php\/reklama\/","title":{"rendered":"Kontakt"},"content":{"rendered":"<p><strong>Siedziba Aleksandr\u00f3w Kuj<\/strong>.: 87-700&nbsp;Aleksandr\u00f3w Kuj.,&nbsp;ul. S\u0142owackiego 1, &nbsp;tel.: 542826625<\/p>\n<p><span style=\"color: #ff0000;\">________________________e-mail:<\/span>&nbsp;<a href=\"mailto:biuro@spektrumweb.pl\">biuro@spektrumweb.pl<\/a><\/p>\n<p><strong>Oddzia\u0142 Ciechocinek<\/strong>: 87-720 Ciechocinek, ul. Broniewskiego 8a, tel.: 544162140<\/p>\n<p style=\"text-align: left;\"><span style=\"color: #ff0000;\">________________________e-mail:<\/span>&nbsp;<a href=\"mailto:biuro2@spektrumweb.pl\">biuro2@spektrumweb.pl<\/a><\/p>\n<p>&nbsp;<\/p>\n<p>&nbsp;<\/p>\n\t\t\t\t<div class=\"contactformgenerator_wrapper cfg_wrapper_animation_state_1 cfg_form_1 cfg_icon_1 cfg_sections_template_1\" style=\"width: 100% !important\" focus_anim_enabled=\"0\" error_anim_enabled=\"0\" scrollbar_popup_style=\"inset-2-dark\"  scrollbar_content_style=\"inset-2-dark\">\r\n\t\t\t<div class=\"contactformgenerator_wrapper_inner\">\r\n\t\t\t<div class=\"contactformgenerator_loading_wrapper\"><table style=\"border: none;width: 100%;height: 100%\"><tr><td align=\"center\" style=\"text-align: center;\" valign=\"middle\"><img decoding=\"async\" src=\"https:\/\/spektrumweb.pl\/wp-content\/plugins\/contact-form-generator\/includes\/\/assets\/images\/ajax-loader.gif\" \/><\/td><\/tr><\/table><\/div>\r\n \t\t\t\r\n \t\t\t<div class=\"contactformgenerator_header cfg_header_animation_state_1\">\r\n\t \t\t\t<div class=\"contactformgenerator_title cfg_font_effect_none\">Formularz kontaktowy<\/div>\r\n\t \t\t\t<div class=\"contactformgenerator_pre_text cfg_font_effect_none\">Je\u015bli masz jakiekolwiek pytania, skontaktuj si\u0119 z nami<\/div> \t\t\t<\/div>\r\n\t\t\t\t<form class=\"contactformgenerator_form\">\r\n\t \t\t\t<div class=\"contactformgenerator_body cfg_body_animation_state_1\">\r\n\t\t\t\t \t\t<div class=\"contactformgenerator_clear\"><\/div><div class=\"cfg_field_box_wrapper cfg_field_box_wrapper_0 cfg_field_box_animation_state_1\"><div  id=\"\"  class=\"contactformgenerator_field_box cfg_hidden_animation_block_state1 cfg_timing_1 cfg_timing_name  \"><div  class=\"contactformgenerator_field_box_inner\"><label normal_effect_class=\"cfg_font_effect_none\" hover_effect_class=\"cfg_font_effect_none\" error_effect_class=\"cfg_font_effect_none\" class=\"contactformgenerator_field_name cfg_font_effect_none\" for=\"name_0_1\" ><span class=\"cfg_label_txt_wrapper\">Imi\u0119 i Nazwisko <span class=\"contactformgenerator_field_required\">*<\/span><\/span><\/label><div class=\"contactformgenerator_input_element contactformgenerator_required\"><div class=\"cfg_input_dummy_wrapper\"><input class=\"cfg_name contactformgenerator_required cfg_input_reset\" pre_value=\"\" value=\"\" type=\"text\" id=\"name_0_1\" name=\"contactformgenerator_fields[1][0]\"><\/div><\/div><input type=\"hidden\" name=\"contactformgenerator_fields[1][1]\" value=\"Imi\u0119 i Nazwisko\" \/><input type=\"hidden\" name=\"contactformgenerator_fields[1][2]\" value=\"name\" \/><\/div><\/div><div  id=\"\"  class=\"contactformgenerator_field_box cfg_hidden_animation_block_state1 cfg_timing_2 cfg_timing_email  \"><div  class=\"contactformgenerator_field_box_inner\"><label normal_effect_class=\"cfg_font_effect_none\" hover_effect_class=\"cfg_font_effect_none\" error_effect_class=\"cfg_font_effect_none\" class=\"contactformgenerator_field_name cfg_font_effect_none\" for=\"email_0_2\" ><span class=\"cfg_label_txt_wrapper\">Email <span class=\"contactformgenerator_field_required\">*<\/span><\/span><\/label><div class=\"contactformgenerator_input_element contactformgenerator_required\"><div class=\"cfg_input_dummy_wrapper\"><input class=\"cfg_email contactformgenerator_required cfg_input_reset\" pre_value=\"\" value=\"\" type=\"text\" id=\"email_0_2\" name=\"contactformgenerator_fields[2][0]\"><\/div><\/div><input type=\"hidden\" name=\"contactformgenerator_fields[2][1]\" value=\"Email\" \/><input type=\"hidden\" name=\"contactformgenerator_fields[2][2]\" value=\"email\" \/><\/div><\/div><div  id=\"\"  class=\"contactformgenerator_field_box cfg_hidden_animation_block_state1 cfg_timing_3 cfg_timing_text-area  \"><div  class=\"contactformgenerator_field_box_textarea_inner\"><label normal_effect_class=\"cfg_font_effect_none\" hover_effect_class=\"cfg_font_effect_none\" error_effect_class=\"cfg_font_effect_none\" class=\"contactformgenerator_field_name cfg_font_effect_none\" for=\"text-area_0_5\" ><span class=\"cfg_label_txt_wrapper\">Wpisz wiadomo\u015b\u0107 <span class=\"contactformgenerator_field_required\">*<\/span><\/span><\/label><div class=\"contactformgenerator_input_element cfg_textarea_wrapper contactformgenerator_required\"><div class=\"cfg_textarea_dummy_wrapper\"><textarea class=\"cfg_textarea cfg_text-area contactformgenerator_required cfg_textarea_reset\" value=\"\" cols=\"30\" rows=\"15\" id=\"text-area_0_5\" name=\"contactformgenerator_fields[3][0]\"><\/textarea><\/div><\/div><input type=\"hidden\" name=\"contactformgenerator_fields[3][1]\" value=\"Wpisz wiadomo\u015b\u0107\" \/><input type=\"hidden\" name=\"contactformgenerator_fields[3][2]\" value=\"text-area\" \/><\/div><\/div><\/div>\t\t\t\t\t<div class=\"cfg_clear\"><\/div>\r\n\t \t\t\t<\/div>\r\n\t \t\t\t<div class=\"contactformgenerator_footer cfg_footer_animation_state_1\">\r\n\t\t \t\t\t<div class=\"contactformgenerator_submit_wrapper cfg_button_animation_state_1\">\r\n\t\t \t\t\t\t<input type=\"button\" value=\"Wy\u015blij\" class=\"contactformgenerator_send cfg_font_effect_none\" roll=\"1\" normal_effect_class=\"cfg_font_effect_none\" hover_effect_class=\"cfg_font_effect_none\"\/>\r\n\t\t \t\t\t\t<input type=\"button\" value=\"Nowy email\" class=\"contactformgenerator_send_new contactformgenerator_hidden cfg_font_effect_none\"  roll=\"1\" normal_effect_class=\"cfg_font_effect_none\" hover_effect_class=\"cfg_font_effect_none\"\/>\r\n\t\t \t\t\t\t<div class=\"contactformgenerator_clear\"><\/div>\r\n\t\t \t\t\t<\/div>\r\n\t\t \t\t\t<div class=\"contactformgenerator_clear\"><\/div>\r\n\t\t \t\t\t<input type=\"hidden\" name=\"contactformgenerator_token\" class=\"contactformgenerator_token\" value=\"99341055a7be8899c24fdd28220d1e8ea1852262399d0d0a87cc7f624ae8d56f\" \/>\r\n\t\t \t\t\t<input type=\"hidden\" value=\"216.73.217.102\"  name=\"contactformgenerator_ip\" \/>\r\n\t\t \t\t\t<input type=\"hidden\" value=\"https:\/\/spektrumweb.pl\/index.php\/reklama\/\"  name=\"contactformgenerator_referrer\" \/>\r\n\t\t \t\t\t<input type=\"hidden\" value=\"Kontakt\"  name=\"contactformgenerator_page_title\" \/>\r\n\t\t \t\t\t<input type=\"hidden\" value=\"Unknown AppleWebKit\"  name=\"contactformgenerator_browser\" \/>\r\n\t\t \t\t\t<input type=\"hidden\" value=\"Unknown OS Platform\"  name=\"contactformgenerator_operating_system\" \/>\r\n\t\t \t\t\t<input type=\"hidden\" value=\"\" class=\"cfg_sc_res\"  name=\"contactformgenerator_sc_res\" \/>\r\n\t\t \t\t\t<input type=\"hidden\" value=\"0\" class=\"contactformgenerator_module_id\" name=\"contactformgenerator_module_id\" \/>\r\n\t\t \t\t\t<input type=\"hidden\" value=\"1\" class=\"contactformgenerator_form_id\" name=\"contactformgenerator_form_id\" \/>\r\n\t \t\t\t<\/div>\r\n \t\t\t<\/form>\r\n \t\t<\/div>\r\n \t\t<\/div>\r\n\r\n \t\t\n","protected":false},"excerpt":{"rendered":"<p>Siedziba Aleksandr\u00f3w Kuj.: 87-700&nbsp;Aleksandr\u00f3w Kuj.,&nbsp;ul. S\u0142owackiego 1, &nbsp;tel.: 542826625 ________________________e-mail:&nbsp;biuro@spektrumweb.pl Oddzia\u0142 Ciechocinek: 87-720 Ciechocinek, ul. Broniewskiego 8a, tel.: 544162140 ________________________e-mail:&nbsp;biuro2@spektrumweb.pl &nbsp; &nbsp;<\/p>\n","protected":false},"author":1,"featured_media":0,"parent":0,"menu_order":0,"comment_status":"closed","ping_status":"closed","template":"","meta":{"ngg_post_thumbnail":0,"footnotes":""},"class_list":["post-336","page","type-page","status-publish","hentry"],"_links":{"self":[{"href":"https:\/\/spektrumweb.pl\/index.php\/wp-json\/wp\/v2\/pages\/336","targetHints":{"allow":["GET"]}}],"collection":[{"href":"https:\/\/spektrumweb.pl\/index.php\/wp-json\/wp\/v2\/pages"}],"about":[{"href":"https:\/\/spektrumweb.pl\/index.php\/wp-json\/wp\/v2\/types\/page"}],"author":[{"embeddable":true,"href":"https:\/\/spektrumweb.pl\/index.php\/wp-json\/wp\/v2\/users\/1"}],"replies":[{"embeddable":true,"href":"https:\/\/spektrumweb.pl\/index.php\/wp-json\/wp\/v2\/comments?post=336"}],"version-history":[{"count":47,"href":"https:\/\/spektrumweb.pl\/index.php\/wp-json\/wp\/v2\/pages\/336\/revisions"}],"predecessor-version":[{"id":67630,"href":"https:\/\/spektrumweb.pl\/index.php\/wp-json\/wp\/v2\/pages\/336\/revisions\/67630"}],"wp:attachment":[{"href":"https:\/\/spektrumweb.pl\/index.php\/wp-json\/wp\/v2\/media?parent=336"}],"curies":[{"name":"wp","href":"https:\/\/api.w.org\/{rel}","templated":true}]}}