{"id":593,"date":"2018-09-06T22:24:14","date_gmt":"2018-09-06T20:24:14","guid":{"rendered":"http:\/\/spektrumweb.pl\/?page_id=593"},"modified":"2026-04-14T01:55:32","modified_gmt":"2026-04-13T23:55:32","slug":"administrator-danych-rodo","status":"publish","type":"page","link":"https:\/\/spektrumweb.pl\/index.php\/administrator-danych-rodo\/","title":{"rendered":"Administrator danych &#8211; RODO"},"content":{"rendered":"<p style=\"text-align: justify;\">Obowi\u0105zek informacyjny zgodnie z tre\u015bci\u0105 ROZPORZ\u0104DZENIA PARLAMENTU EUROPEJSKIEGO I RADY (UE) 2016\/679 z dnia 27 kwietnia 2016 r. w sprawie ochrony os\u00f3b fizycznych w zwi\u0105zku z przetwarzaniem danych osobowych i w sprawie swobodnego przep\u0142ywu takich danych oraz uchylenia dyrektywy 95\/46\/WE<\/p>\n<h1 style=\"text-align: center;\">Polityka Prywatno\u015bci (RODO)<\/h1>\n<p class=\"isSelectedEnd\" style=\"text-align: center;\"><strong>SPEKTRUM Janusz Stawski<\/strong><br \/>\ndla strony internetowej: <a href=\"http:\/\/www.spektrumweb.pl\">www.spektrumweb.pl<\/a><\/p>\n<div contenteditable=\"false\">\n<hr>\n<\/div>\n<h2>1. Informacje og\u00f3lne<\/h2>\n<p class=\"isSelectedEnd\">Niniejsza Polityka Prywatno\u015bci okre\u015bla zasady przetwarzania oraz ochrony danych osobowych u\u017cytkownik\u00f3w korzystaj\u0105cych ze strony internetowej <a href=\"http:\/\/www.spektrumweb.pl\">www.spektrumweb.pl<\/a> oraz us\u0142ug \u015bwiadczonych przez firm\u0119 SPEKTRUM Janusz Stawski.<\/p>\n<p class=\"isSelectedEnd\">Administratorem danych osobowych jest:<br \/>\n<strong>SPEKTRUM Janusz Stawski<\/strong><br \/>\n(dalej: \u201eAdministrator\u201d).<\/p>\n<p class=\"isSelectedEnd\">Kontakt z Administratorem mo\u017cliwy jest poprzez:<\/p>\n<ul data-spread=\"false\">\n<li>e-mail: <span class=\"text-token-text-primary cursor-text rounded-sm\" data-placeholder-token=\"true\">rodo@spektrumweb.pl<\/span><\/li>\n<li>telefon: <span class=\"text-token-text-primary cursor-text rounded-sm\" data-placeholder-token=\"true\">606322499<\/span><\/li>\n<\/ul>\n<p class=\"isSelectedEnd\">Administrator dok\u0142ada szczeg\u00f3lnej staranno\u015bci w celu ochrony interes\u00f3w os\u00f3b, kt\u00f3rych dane dotycz\u0105, a w szczeg\u00f3lno\u015bci zapewnia, \u017ce dane s\u0105:<\/p>\n<ul data-spread=\"false\">\n<li>przetwarzane zgodnie z prawem,<\/li>\n<li>zbierane dla oznaczonych, zgodnych z prawem cel\u00f3w,<\/li>\n<li>merytorycznie poprawne i adekwatne,<\/li>\n<li>przechowywane nie d\u0142u\u017cej ni\u017c jest to niezb\u0119dne.<\/li>\n<\/ul>\n<div contenteditable=\"false\">\n<hr>\n<\/div>\n<h2>2. Podstawa prawna przetwarzania danych<\/h2>\n<p class=\"isSelectedEnd\">Dane osobowe przetwarzane s\u0105 zgodnie z:<\/p>\n<ul data-spread=\"false\">\n<li>Rozporz\u0105dzeniem Parlamentu Europejskiego i Rady (UE) 2016\/679 (RODO),<\/li>\n<li>ustaw\u0105 o ochronie danych osobowych,<\/li>\n<li>innymi obowi\u0105zuj\u0105cymi przepisami prawa.<\/li>\n<\/ul>\n<div contenteditable=\"false\">\n<hr>\n<\/div>\n<h2>3. Zakres zbieranych danych<\/h2>\n<p class=\"isSelectedEnd\">Administrator mo\u017ce przetwarza\u0107 nast\u0119puj\u0105ce dane:<\/p>\n<ul data-spread=\"false\">\n<li>imi\u0119 i nazwisko,<\/li>\n<li>nazwa firmy,<\/li>\n<li>adres siedziby lub prowadzenia dzia\u0142alno\u015bci,<\/li>\n<li>numer NIP,<\/li>\n<li>adres e-mail,<\/li>\n<li>numer telefonu,<\/li>\n<li>dane dotycz\u0105ce urz\u0105dze\u0144 fiskalnych i serwisowych.<\/li>\n<\/ul>\n<p class=\"isSelectedEnd\">Dane te s\u0105 pozyskiwane:<\/p>\n<ul data-spread=\"false\">\n<li>poprzez formularze kontaktowe,<\/li>\n<li>w trakcie realizacji us\u0142ug serwisowych,<\/li>\n<li>podczas sprzeda\u017cy kas fiskalnych i innych urz\u0105dze\u0144,<\/li>\n<li>w trakcie kontaktu telefonicznego lub mailowego.<\/li>\n<\/ul>\n<div contenteditable=\"false\">\n<hr>\n<\/div>\n<h2>4. Cele przetwarzania danych<\/h2>\n<p class=\"isSelectedEnd\">Dane osobowe przetwarzane s\u0105 w celu:<\/p>\n<ul data-spread=\"false\">\n<li>realizacji us\u0142ug serwisowych,<\/li>\n<li>sprzeda\u017cy urz\u0105dze\u0144 (np. kas fiskalnych),<\/li>\n<li>wystawiania dokument\u00f3w ksi\u0119gowych,<\/li>\n<li>kontaktu z klientem,<\/li>\n<li>realizacji obowi\u0105zk\u00f3w prawnych ci\u0105\u017c\u0105cych na Administratorze,<\/li>\n<li>marketingu w\u0142asnych us\u0142ug (je\u015bli u\u017cytkownik wyrazi\u0142 zgod\u0119).<\/li>\n<\/ul>\n<div contenteditable=\"false\">\n<hr>\n<\/div>\n<h2>5. Okres przechowywania danych<\/h2>\n<p class=\"isSelectedEnd\">Dane osobowe b\u0119d\u0105 przechowywane:<\/p>\n<ul data-spread=\"false\">\n<li>przez czas trwania umowy oraz po jej zako\u0144czeniu \u2013 w zakresie wymaganym przepisami prawa,<\/li>\n<li>przez okres wymagany przepisami podatkowymi i ksi\u0119gowymi,<\/li>\n<li>do czasu cofni\u0119cia zgody \u2013 w przypadku danych przetwarzanych na podstawie zgody.<\/li>\n<\/ul>\n<div contenteditable=\"false\">\n<hr>\n<\/div>\n<h2>6. Odbiorcy danych<\/h2>\n<p class=\"isSelectedEnd\">Dane osobowe mog\u0105 by\u0107 przekazywane:<\/p>\n<ul data-spread=\"false\">\n<li>podmiotom wsp\u00f3\u0142pracuj\u0105cym z Administratorem (np. ksi\u0119gowo\u015b\u0107, serwis IT),<\/li>\n<li>dostawcom us\u0142ug hostingowych,<\/li>\n<li>organom publicznym \u2013 gdy wymagaj\u0105 tego przepisy prawa.<\/li>\n<\/ul>\n<div contenteditable=\"false\">\n<hr>\n<\/div>\n<h2>7. Prawa osoby, kt\u00f3rej dane dotycz\u0105<\/h2>\n<p class=\"isSelectedEnd\">Ka\u017cda osoba, kt\u00f3rej dane dotycz\u0105, ma prawo do:<\/p>\n<ul data-spread=\"false\">\n<li>dost\u0119pu do swoich danych,<\/li>\n<li>sprostowania danych,<\/li>\n<li>usuni\u0119cia danych (\u201eprawo do bycia zapomnianym\u201d),<\/li>\n<li>ograniczenia przetwarzania,<\/li>\n<li>przenoszenia danych,<\/li>\n<li>wniesienia sprzeciwu,<\/li>\n<li>cofni\u0119cia zgody w dowolnym momencie,<\/li>\n<li>wniesienia skargi do Prezesa Urz\u0119du Ochrony Danych Osobowych.<\/li>\n<\/ul>\n<div contenteditable=\"false\">\n<hr>\n<\/div>\n<h2>8. Pliki cookies<\/h2>\n<p class=\"isSelectedEnd\">Strona <a href=\"http:\/\/www.spektrumweb.pl\">www.spektrumweb.pl<\/a> mo\u017ce wykorzystywa\u0107 pliki cookies w celu:<\/p>\n<ul data-spread=\"false\">\n<li>poprawnego dzia\u0142ania strony,<\/li>\n<li>analizy statystyk odwiedzin,<\/li>\n<li>dostosowania tre\u015bci do u\u017cytkownika.<\/li>\n<\/ul>\n<p class=\"isSelectedEnd\">U\u017cytkownik mo\u017ce w ka\u017cdej chwili zmieni\u0107 ustawienia cookies w swojej przegl\u0105darce.<\/p>\n<div contenteditable=\"false\">\n<hr>\n<\/div>\n<h2>9. Zabezpieczenia danych<\/h2>\n<p class=\"isSelectedEnd\">Administrator stosuje odpowiednie \u015brodki techniczne i organizacyjne zapewniaj\u0105ce ochron\u0119 przetwarzanych danych, w tym zabezpieczenia przed:<\/p>\n<ul data-spread=\"false\">\n<li>dost\u0119pem os\u00f3b nieuprawnionych,<\/li>\n<li>utrat\u0105 danych,<\/li>\n<li>uszkodzeniem danych.<\/li>\n<\/ul>\n<div contenteditable=\"false\">\n<hr>\n<\/div>\n<h2>10. Zmiany polityki prywatno\u015bci<\/h2>\n<p class=\"isSelectedEnd\">Administrator zastrzega sobie prawo do wprowadzania zmian w niniejszej Polityce Prywatno\u015bci. Aktualna wersja dokumentu jest zawsze dost\u0119pna na stronie <a href=\"http:\/\/www.spektrumweb.pl\">www.spektrumweb.pl<\/a>.<\/p>\n<div contenteditable=\"false\">\n<hr>\n<\/div>\n<h2>11. Postanowienia ko\u0144cowe<\/h2>\n<p>W sprawach nieuregulowanych niniejsz\u0105 Polityk\u0105 maj\u0105 zastosowanie przepisy prawa polskiego oraz RODO.<\/p>\n","protected":false},"excerpt":{"rendered":"<p>Obowi\u0105zek informacyjny zgodnie z tre\u015bci\u0105 ROZPORZ\u0104DZENIA PARLAMENTU EUROPEJSKIEGO I RADY (UE) 2016\/679 z dnia 27 kwietnia 2016 r. w sprawie ochrony os\u00f3b fizycznych w zwi\u0105zku z przetwarzaniem danych osobowych i w sprawie swobodnego przep\u0142ywu takich danych oraz uchylenia dyrektywy 95\/46\/WE Polityka Prywatno\u015bci (RODO) SPEKTRUM Janusz Stawski dla strony internetowej: www.spektrumweb.pl 1. Informacje og\u00f3lne Niniejsza Polityka [&hellip;]<\/p>\n","protected":false},"author":1,"featured_media":67661,"parent":0,"menu_order":0,"comment_status":"closed","ping_status":"closed","template":"","meta":{"ngg_post_thumbnail":0,"footnotes":""},"class_list":["post-593","page","type-page","status-publish","has-post-thumbnail","hentry"],"_links":{"self":[{"href":"https:\/\/spektrumweb.pl\/index.php\/wp-json\/wp\/v2\/pages\/593","targetHints":{"allow":["GET"]}}],"collection":[{"href":"https:\/\/spektrumweb.pl\/index.php\/wp-json\/wp\/v2\/pages"}],"about":[{"href":"https:\/\/spektrumweb.pl\/index.php\/wp-json\/wp\/v2\/types\/page"}],"author":[{"embeddable":true,"href":"https:\/\/spektrumweb.pl\/index.php\/wp-json\/wp\/v2\/users\/1"}],"replies":[{"embeddable":true,"href":"https:\/\/spektrumweb.pl\/index.php\/wp-json\/wp\/v2\/comments?post=593"}],"version-history":[{"count":4,"href":"https:\/\/spektrumweb.pl\/index.php\/wp-json\/wp\/v2\/pages\/593\/revisions"}],"predecessor-version":[{"id":67658,"href":"https:\/\/spektrumweb.pl\/index.php\/wp-json\/wp\/v2\/pages\/593\/revisions\/67658"}],"wp:featuredmedia":[{"embeddable":true,"href":"https:\/\/spektrumweb.pl\/index.php\/wp-json\/wp\/v2\/media\/67661"}],"wp:attachment":[{"href":"https:\/\/spektrumweb.pl\/index.php\/wp-json\/wp\/v2\/media?parent=593"}],"curies":[{"name":"wp","href":"https:\/\/api.w.org\/{rel}","templated":true}]}}