{"id":67617,"date":"2026-04-06T21:37:51","date_gmt":"2026-04-06T19:37:51","guid":{"rendered":"https:\/\/spektrumweb.pl\/?page_id=67617"},"modified":"2026-04-06T21:48:25","modified_gmt":"2026-04-06T19:48:25","slug":"opakowania-na-kasach-fiskalnych-instrukcja","status":"publish","type":"page","link":"https:\/\/spektrumweb.pl\/index.php\/opakowania-na-kasach-fiskalnych-instrukcja\/","title":{"rendered":"Opakowania na kasach fiskalnych -Instrukcja"},"content":{"rendered":"<p class=\"isSelectedEnd\">Nowe obowi\u0105zki dla przedsi\u0119biorc\u00f3w \u2013 opakowania na kasach fiskalnych \ud83e\uddfe<\/p>\n<p class=\"isSelectedEnd\">W zwi\u0105zku z aktualnymi przepisami coraz wi\u0119cej firm musi uwzgl\u0119dnia\u0107 opakowania w ewidencji sprzeda\u017cy na kasach fiskalnych. Oznacza to konieczno\u015b\u0107 odpowiedniego zaprogramowania system\u00f3w oraz dostosowania proces\u00f3w sprzeda\u017cowych.<\/p>\n<p class=\"isSelectedEnd\">Dlaczego to wa\u017cne?<br \/>\n\u2714 zgodno\u015b\u0107 z przepisami<br \/>\n\u2714 unikni\u0119cie kar finansowych<br \/>\n\u2714 przejrzysto\u015b\u0107 rozlicze\u0144<\/p>\n<p>Warto ju\u017c teraz sprawdzi\u0107, czy Twoja kasa fiskalna oraz oprogramowanie s\u0105 odpowiednio przygotowane. W razie potrzeby \u2013 skonsultuj si\u0119 ze specjalist\u0105 IT lub serwisem kas, aby unikn\u0105\u0107 problem\u00f3w w przysz\u0142o\u015bci.<\/p>\n<a href=\"https:\/\/spektrumweb.pl\/wp-content\/uploads\/2026\/04\/opakowania_kaucyjne.pdf\" class=\"pdfemb-viewer\" style=\"\" data-width=\"max\" data-height=\"max\" data-toolbar=\"bottom\" data-toolbar-fixed=\"off\">opakowania_kaucyjne<\/a>\n","protected":false},"excerpt":{"rendered":"<p>Nowe obowi\u0105zki dla przedsi\u0119biorc\u00f3w \u2013 opakowania na kasach fiskalnych \ud83e\uddfe W zwi\u0105zku z aktualnymi przepisami coraz wi\u0119cej firm musi uwzgl\u0119dnia\u0107 opakowania w ewidencji sprzeda\u017cy na kasach fiskalnych. Oznacza to konieczno\u015b\u0107 odpowiedniego zaprogramowania system\u00f3w oraz dostosowania proces\u00f3w sprzeda\u017cowych. Dlaczego to wa\u017cne? \u2714 zgodno\u015b\u0107 z przepisami \u2714 unikni\u0119cie kar finansowych \u2714 przejrzysto\u015b\u0107 rozlicze\u0144 Warto ju\u017c teraz sprawdzi\u0107, [&hellip;]<\/p>\n","protected":false},"author":1,"featured_media":67615,"parent":0,"menu_order":0,"comment_status":"closed","ping_status":"closed","template":"","meta":{"ngg_post_thumbnail":0,"footnotes":""},"class_list":["post-67617","page","type-page","status-publish","has-post-thumbnail","hentry"],"_links":{"self":[{"href":"https:\/\/spektrumweb.pl\/index.php\/wp-json\/wp\/v2\/pages\/67617","targetHints":{"allow":["GET"]}}],"collection":[{"href":"https:\/\/spektrumweb.pl\/index.php\/wp-json\/wp\/v2\/pages"}],"about":[{"href":"https:\/\/spektrumweb.pl\/index.php\/wp-json\/wp\/v2\/types\/page"}],"author":[{"embeddable":true,"href":"https:\/\/spektrumweb.pl\/index.php\/wp-json\/wp\/v2\/users\/1"}],"replies":[{"embeddable":true,"href":"https:\/\/spektrumweb.pl\/index.php\/wp-json\/wp\/v2\/comments?post=67617"}],"version-history":[{"count":4,"href":"https:\/\/spektrumweb.pl\/index.php\/wp-json\/wp\/v2\/pages\/67617\/revisions"}],"predecessor-version":[{"id":67625,"href":"https:\/\/spektrumweb.pl\/index.php\/wp-json\/wp\/v2\/pages\/67617\/revisions\/67625"}],"wp:featuredmedia":[{"embeddable":true,"href":"https:\/\/spektrumweb.pl\/index.php\/wp-json\/wp\/v2\/media\/67615"}],"wp:attachment":[{"href":"https:\/\/spektrumweb.pl\/index.php\/wp-json\/wp\/v2\/media?parent=67617"}],"curies":[{"name":"wp","href":"https:\/\/api.w.org\/{rel}","templated":true}]}}