{"id":3850,"date":"2019-07-08T00:35:05","date_gmt":"2019-07-07T22:35:05","guid":{"rendered":"http:\/\/spektrumweb.pl\/?post_type=product&#038;p=3850"},"modified":"2026-04-06T14:53:59","modified_gmt":"2026-04-06T12:53:59","slug":"3850","status":"publish","type":"product","link":"https:\/\/spektrumweb.pl\/index.php\/produkt\/3850\/","title":{"rendered":"POSNET ERGO ONLINE"},"content":{"rendered":"<div class=\"product_description_left\">\n<div class=\"product_description\">\n<h3><span style=\"font-size: 12pt;\">PO\u0141\u0104CZ SI\u0118 Z&nbsp;CRK<\/span><\/h3>\n<p>Je\u015bli masz komputer po\u0142\u0105czony z&nbsp;Internetem &#8211; pod\u0142\u0105cz kas\u0119 do komputera za pomoc\u0105 z\u0142\u0105cza USB i&nbsp;nie p\u0142a\u0107 dodatkowo za transmisj\u0119 danych. To podstawowa wersja kasy.<br \/>\nW dowolnym momencie mo\u017cesz doposa\u017cy\u0107 Ergo w&nbsp;modu\u0142y komunikacyjne. Czy masz w&nbsp;swoim sklepie Internet i&nbsp;WiFi? Mo\u017cesz go wykorzysta\u0107 do komunikacji z&nbsp;CRK. \u015awiadczysz us\u0142ugi lub prowadzisz handel mobilny w&nbsp;terenie? Wyposa\u017c swoj\u0105 kas\u0119 w&nbsp;modem 3G.<br \/>\n\u015aci\u0105gnij instrukcj\u0119 dotycz\u0105c\u0105 skonfigurowania po\u0142\u0105czenia z&nbsp;CRK w&nbsp;kasach Posnet ONLINE (<a href=\"https:\/\/www.posnet.com.pl\/web\/files\/editor\/FILES\/quick-online-kasy-wersja-1.0.pdf\" target=\"_blank\" rel=\"noopener noreferrer\">instrukcja Quick OnLine &#8211; PDF<\/a>).<\/p>\n<\/div>\n<\/div>\n<div class=\"product_description_right\">\n<div class=\"product_description\">\n<h3><span style=\"font-size: 12pt;\">SUMA WSZYSTKICH ZALET<\/span><\/h3>\n<p>Kasa ERGO ONLINE \u0142\u0105czy w sobie zalety wszystkich naszych kas. Mo\u017ce dzia\u0142a\u0107 samodzielnie, jak r\u00f3wnie\u017c stanowi\u0107 element systemu kasowego. Do kasy pod\u0142\u0105czysz wag\u0119, skaner kod\u00f3w kreskowych, terminal p\u0142atniczy itp. Konstrukcja kasy, podobnie jak innych urz\u0105dze\u0144 POSNET, jest w stanie wytrzyma\u0107 upadki, wstrz\u0105sy czy zachlapanie.<\/p>\n<\/div>\n<\/div>\n<div class=\"product_description_left\">\n<div class=\"product_description\">\n<h3><span style=\"font-size: 12pt;\">ZINTEGRUJ SI\u0118 Z&nbsp;WAG\u0104<\/span><\/h3>\n<p>Poszerz mo\u017cliwo\u015bci swojej kasy ERGO ONLINE, wykorzystuj\u0105c j\u0105 jako nowoczesn\u0105 i rozbudowan\u0105 kasowag\u0119. Jako pierwsi wprowadzili\u015bmy standard po\u0142\u0105czenia kasy z szalk\u0105 wa\u017c\u0105c\u0105 DS1. Takie rozwi\u0105zanie umo\u017cliwia obs\u0142ug\u0119 wagi bezpo\u015brednio z klawiatury kasy. Postaw na innowacyjno\u015b\u0107 &#8211; oszcz\u0119dno\u015b\u0107 czasu, miejsca i energii!<\/p>\n<\/div>\n<\/div>\n<div class=\"product_description_right\">\n<div class=\"product_description\">\n<h3><span style=\"font-size: 12pt;\">GRAFICZNE WY\u015aWIETLACZE<\/span><\/h3>\n<p>ERGO ONLINE posiada dwa graficzne wy\u015bwietlacze, dzi\u0119ki czemu zoptymalizowali\u015bmy czytelno\u015b\u0107 prezentowanych informacji. Dodatkowo wydzielili\u015bmy pole przeznaczone na wy\u015bwietlanie wskaza\u0144 z wagi. Zar\u00f3wno klient, jak i sprzedaj\u0105cy na bie\u017c\u0105co otrzymuj\u0105 pe\u0142n\u0105 informacj\u0119 o zakupach.<\/p>\n<\/div>\n<\/div>\n<div class=\"product_description_left\">\n<div class=\"product_description\">\n<h3><span style=\"font-size: 12pt;\">ZWI\u0118KSZ BAZ\u0118 PLU<\/span><\/h3>\n<p>Bez wzgl\u0119du na to, jak\u0105 dzia\u0142alno\u015b\u0107 prowadzisz, mo\u017cesz dostosowa\u0107 pojemno\u015b\u0107 bazy PLU do ilo\u015bci towar\u00f3w b\u0105d\u017a us\u0142ug, kt\u00f3re sprzedajesz. W zale\u017cno\u015bci od potrzeb na Twoim ERGO ONLINE mo\u017cesz zdefiniowa\u0107 4000, 6000 lub 8000 nazw towar\u00f3w lub us\u0142ug.<\/p>\n<\/div>\n<\/div>\n<div class=\"product_description_right\">\n<div class=\"product_description\">\n<h3><span style=\"font-size: 12pt;\">WRZU\u0106 I&nbsp;DRUKUJ<\/span><\/h3>\n<p>Wymiana papieru zajmuje kilka sekund. Polega na wykonaniu trzech, prostych ruch\u00f3w: otwierasz &#8211; wrzucasz papier &#8211; zamykasz. I mo\u017cesz pracowa\u0107 dalej.<\/p>\n<\/div>\n<\/div>\n<div class=\"product_description_text\">\n<div class=\"product_description\">\n<h3><span style=\"font-size: 12pt;\">SPRAWDZA SI\u0118 NA MIEJSCU I&nbsp;W&nbsp;TERENIE<\/span><\/h3>\n<p>Niezale\u017cnie od tego czy posiadasz punkt handlowy, czy \u015bwiadczysz us\u0142ugi, pracujesz stacjonarnie, a&nbsp;mo\u017ce w&nbsp;terenie? Kasa ERGO&nbsp;ONLINE doskonale sprawdzi si\u0119 w&nbsp;ka\u017cdej sytuacji.<\/p>\n<p>ERGO&nbsp;ONLINE mo\u017cesz tak\u017ce wykorzysta\u0107 \u015bwiadcz\u0105c us\u0142ugi u&nbsp;klienta (np. mobilne kosmetyczki), na festynie lub jarmarku, je\u015bli wystawisz tam swoje stoisko. A&nbsp;kiedy zamienisz ma\u0142y sklep w&nbsp;du\u017cy salon, wystarczy, \u017ce dodasz odpowiednie modu\u0142y, poszerzysz baz\u0119 PLU i&nbsp;Posnet ERGO&nbsp;ONLINE nadal b\u0119dzie Ci s\u0142u\u017cy\u0107.<\/p>\n<p>Szczeg\u00f3lnie polecamy kas\u0119 do: sklep\u00f3w internetowych, piekarni, cukierni, salon\u00f3w fryzjerskich i&nbsp;kosmetycznych, wysp marketowych i&nbsp;ma\u0142ych punkt\u00f3w gastronomicznych (fast-foody, food-trucki).<\/p>\n<\/div>\n<\/div>\n","protected":false},"excerpt":{"rendered":"<p style=\"text-align: justify;\">Jedna z&nbsp;najbardziej popularnych kas fiskalnych na rynku Posnet ERGO teraz dost\u0119pna w&nbsp;wersji ONLINE. Urz\u0105dzenie, dzi\u0119ki modu\u0142owej konstrukcji, zapewnia u\u017cytkownikowi swobod\u0119 wyboru mi\u0119dzy przewodowym lub bezprzewodowym po\u0142\u0105czeniem z&nbsp;Centralnym Repozytorium Kas (CRK).<\/p>\n","protected":false},"featured_media":3884,"comment_status":"closed","ping_status":"closed","template":"","meta":{"ngg_post_thumbnail":0},"product_brand":[],"product_cat":[24],"product_tag":[],"class_list":{"0":"post-3850","1":"product","2":"type-product","3":"status-publish","4":"has-post-thumbnail","6":"product_cat-bez-kategorii","8":"first","9":"instock","10":"sale","11":"taxable","12":"shipping-taxable","13":"purchasable","14":"product-type-variable","15":"has-default-attributes"},"_links":{"self":[{"href":"https:\/\/spektrumweb.pl\/index.php\/wp-json\/wp\/v2\/product\/3850","targetHints":{"allow":["GET"]}}],"collection":[{"href":"https:\/\/spektrumweb.pl\/index.php\/wp-json\/wp\/v2\/product"}],"about":[{"href":"https:\/\/spektrumweb.pl\/index.php\/wp-json\/wp\/v2\/types\/product"}],"replies":[{"embeddable":true,"href":"https:\/\/spektrumweb.pl\/index.php\/wp-json\/wp\/v2\/comments?post=3850"}],"wp:featuredmedia":[{"embeddable":true,"href":"https:\/\/spektrumweb.pl\/index.php\/wp-json\/wp\/v2\/media\/3884"}],"wp:attachment":[{"href":"https:\/\/spektrumweb.pl\/index.php\/wp-json\/wp\/v2\/media?parent=3850"}],"wp:term":[{"taxonomy":"product_brand","embeddable":true,"href":"https:\/\/spektrumweb.pl\/index.php\/wp-json\/wp\/v2\/product_brand?post=3850"},{"taxonomy":"product_cat","embeddable":true,"href":"https:\/\/spektrumweb.pl\/index.php\/wp-json\/wp\/v2\/product_cat?post=3850"},{"taxonomy":"product_tag","embeddable":true,"href":"https:\/\/spektrumweb.pl\/index.php\/wp-json\/wp\/v2\/product_tag?post=3850"}],"curies":[{"name":"wp","href":"https:\/\/api.w.org\/{rel}","templated":true}]}}