{"id":452,"date":"2017-12-16T18:22:08","date_gmt":"2017-12-16T17:22:08","guid":{"rendered":"http:\/\/spektrumweb.pl\/?post_type=product&#038;p=452"},"modified":"2017-12-19T00:45:46","modified_gmt":"2017-12-18T23:45:46","slug":"subiekt-nexo-box-1-stanowisko-sn1","status":"publish","type":"product","link":"https:\/\/spektrumweb.pl\/index.php\/produkt\/subiekt-nexo-box-1-stanowisko-sn1\/","title":{"rendered":"Subiekt NEXO box 1 stanowisko SN1"},"content":{"rendered":"<h2>Sprzeda\u017c, Zakup, Magazyn<\/h2>\n<ul class=\"standard\">\n<li>Pe\u0142na obs\u0142uga wszystkich typ\u00f3w dokument\u00f3w handlowych i magazynowych.<\/li>\n<li>Pe\u0142ny rozdzia\u0142 dokument\u00f3w magazynowych i handlowych w dowolnej walucie, pojedyncze lub zbiorcze generowanie faktur do dokument\u00f3w WZ; korekty dokument\u00f3w magazynowych, automatyczne generowanie dokumentu WZ do faktury.<\/li>\n<li>Faktura sprzeda\u017cy z wielu magazyn\u00f3w oraz przypisana do oddzia\u0142u.<\/li>\n<li>Zaawansowane dodawanie pozycji na dokumentach z wizualizacj\u0105 towaru.<\/li>\n<li>Wyb\u00f3r adresu dostawy na dokumentach sprzeda\u017cy i wydaniach; mo\u017cliwo\u015b\u0107 wyboru innego dostawcy w dokumentach zakupu oraz innego odbiorcy w dokumentach sprzeda\u017cy oraz zam\u00f3wieniach.<\/li>\n<li>Faktura pro forma.<\/li>\n<li>Rozbudowany system zam\u00f3wie\u0144; ka\u017cda pozycja dokumentu mo\u017ce mie\u0107 indywidualny termin realizacji, r\u00f3wnie\u017c wcze\u015bniejszy ni\u017c termin realizacji ca\u0142ego dokumentu.<\/li>\n<li>Rozbudowana obs\u0142uga urz\u0105dze\u0144 zewn\u0119trznych (kasy fiskalne, drukarki fiskalne, wagi etykietuj\u0105ce, czytniki kod\u00f3w paskowych).<\/li>\n<li>Automatyczna synchronizacja zmian asortymentu w kartotece i urz\u0105dzeniach zewn\u0119trznych.<\/li>\n<li><span id=\"added-null-0\">Mo\u017cliwo\u015b\u0107 pod\u0142\u0105czenia dodatkowych koszt\u00f3w w postaci dokumentu rozchodu (RW) do pozycji na dokumencie sprzeda\u017cy (FS, PA itd.).<\/span><\/li>\n<li>Mo\u017cliwo\u015b\u0107 zwi\u0119kszenia precyzji ceny na dokumentach do 6 miejsc po przecinku.<\/li>\n<li>Mo\u017cliwo\u015b\u0107 ustawienia kolor\u00f3w na pozycjach poni\u017cej mar\u017cy lub koszt\u00f3w.<\/li>\n<li>Mo\u017cliwo\u015b\u0107 okre\u015blania promocji dla okre\u015blonych klient\u00f3w na okre\u015blony asortyment w okre\u015blonym terminie w postaci rabatu, gratisu lub dodatku.<\/li>\n<\/ul>\n<h2>Zam\u00f3wienia<\/h2>\n<ul class=\"standard\">\n<li>Ka\u017cda pozycja dokumentu mo\u017ce mie\u0107 indywidualny termin realizacji, r\u00f3wnie\u017c wcze\u015bniejszy ni\u017c termin realizacji ca\u0142ego dokumentu.<\/li>\n<li>Zamawiaj\u0105cym mo\u017ce by\u0107 inny klient ni\u017c finalny nabywca oraz odbiorc\u0119 towar\u00f3w.<\/li>\n<li>Podczas wprowadzania dokumentu mo\u017cna zdefiniowa\u0107 termin realizacji pozycji, kt\u00f3ry jest wyliczany na podstawie oczekiwanego \u015bredniego czasu dostawy z kartoteki towaru.<\/li>\n<li>Mo\u017cliwo\u015b\u0107 zarezerwowania stanu magazynowego.<\/li>\n<li>Mo\u017cliwo\u015b\u0107 okre\u015blenia dowolnego adresu i sposobu dostawy.<\/li>\n<li>Mo\u017cliwo\u015b\u0107 oznaczania dokument\u00f3w za pomoc\u0105 flag ju\u017c okre\u015blonych przez program.<\/li>\n<\/ul>\n<h2>Zlecenia<\/h2>\n<ul class=\"standard\">\n<li>Sprawna obs\u0142uga bie\u017c\u0105cych stan\u00f3w magazynowych \u2013 u\u017cytkownik mo\u017ce zamawia\u0107 dostaw\u0119 towaru do stanu optymalnego magazynu, kt\u00f3ry uwzgl\u0119dnia w nim bie\u017c\u0105cy poziom towaru, wielko\u015b\u0107 zam\u00f3wie\u0144 od klienta oraz zam\u00f3wienia niezrealizowane i w drodze dostawy.<\/li>\n<li>Ewidencjonowanie zlece\u0144 produkcyjnych monta\u017cu i demonta\u017cu z mo\u017cliwo\u015bci\u0105 zmiany zapotrzebowania na sk\u0142adniki.<\/li>\n<li>Mo\u017cliwo\u015b\u0107 zarezerwowania stanu magazynowego.<\/li>\n<\/ul>\n<h2>P\u0142atno\u015bci<\/h2>\n<ul class=\"standard\">\n<li>Mo\u017cliwo\u015b\u0107 p\u0142atno\u015bci got\u00f3wkowej w wydzielonym stanowisku kasowym.<\/li>\n<li>Opr\u00f3cz got\u00f3wki czy kart p\u0142atniczych mo\u017cna zdefiniowa\u0107 wiele innych form p\u0142atno\u015bci, np. p\u0142atno\u015b\u0107 za pobraniem, bony.<\/li>\n<li>Mo\u017cliwo\u015b\u0107 rejestrowania zakup\u00f3w dokonywanych przez pracownik\u00f3w; podczas ewidencjonowania takiego dokumentu mo\u017cliwe rozliczenie zaliczki pobranej przez pracownika.<\/li>\n<li>Mo\u017cliwo\u015b\u0107 cedowania p\u0142atno\u015bci na innego p\u0142atnika.<\/li>\n<li>P\u0142atno\u015bci dost\u0119pne nie tylko dla dokument\u00f3w sprzeda\u017cy i zakupu, ale tak\u017ce dla dokument\u00f3w magazynowych i zam\u00f3wie\u0144 (np. mo\u017cliwo\u015b\u0107 wystawienia zam\u00f3wienia lub wydania magazynowego z zaliczk\u0105 zap\u0142acon\u0105 kart\u0105 p\u0142atnicz\u0105).<\/li>\n<\/ul>\n<h2>Cenniki<\/h2>\n<ul class=\"standard\">\n<li>Mo\u017cliwo\u015b\u0107 zdefiniowania wielu cennik\u00f3w g\u0142\u00f3wnych (dotycz\u0105cych ca\u0142ego asortymentu).<\/li>\n<li>Przypisanie cennika g\u0142\u00f3wnego do oddzia\u0142u oraz mo\u017cliwo\u015b\u0107 przypisania cennika g\u0142\u00f3wnego i dodatkowego klientowi.<\/li>\n<li>Asortyment w cenniku mo\u017ce wyst\u0105pi\u0107 wielokrotnie &#8211; mo\u017cna w nim okre\u015bli\u0107 cen\u0119, domy\u015blny&nbsp;i maksymalny rabat w zale\u017cno\u015bci od jednostki miary i wysoko\u015b\u0107 progu sprzeda\u017cy.<\/li>\n<li>Mo\u017cliwo\u015b\u0107 blokowania ceny i rabatu towaru na dokumencie sprzeda\u017cy zwi\u0105zanym z danym cennikiem.<\/li>\n<li>Mo\u017cliwo\u015b\u0107 definiowania cennik\u00f3w statycznych i dynamicznych. Cennik dynamiczny wylicza cen\u0119 wybranego towaru b\u0105d\u017a us\u0142ugi za pomoc\u0105 zdefiniowanych parametr\u00f3w (aktualnego kursu, zadanej mar\u017cy, funkcji kalkuluj\u0105cej cen\u0119 bazow\u0105) pozycji podczas okre\u015blonego \u017c\u0105dania, np. przy wprowadzaniu ich na specyfikacj\u0119 w dokumencie sprzeda\u017cy, w odr\u00f3\u017cnieniu do cennika statycznego, kt\u00f3ry zwraca cen\u0119 skalkulowan\u0105 uprzednio i zapisan\u0105 na pozycji tego cennika.<\/li>\n<li>Statusy cennika pozwalaj\u0105ce opracowa\u0107 poprawnie cennik zanim zostanie wystawiony&nbsp; do publicznej wiadomo\u015bci. Cennik w trakcie opracowania posiada status \u201ew przygotowaniu\u201d, co oznacza, \u017ce jest niedost\u0119pny w sprzeda\u017cy. Po fazie opracowania cennik otrzymuje status \u201eopublikowany\u201d, kt\u00f3ry oznacza, \u017ce mo\u017ce zosta\u0107 wykorzystany podczas procesu sprzeda\u017cy.<\/li>\n<\/ul>\n<h2>Finanse<\/h2>\n<ul class=\"standard\">\n<li>Operacje kasowe z od\u0142o\u017conym skutkiem (niewykonane).<\/li>\n<li>Kompleksowa obs\u0142uga kasy z rejestrowaniem operacji got\u00f3wkowych&nbsp; i bezgot\u00f3wkowych (p\u0142atno\u015bci kart\u0105 p\u0142atnicz\u0105, bony).<\/li>\n<li>Mo\u017cliwo\u015b\u0107 zdefiniowania wielu stanowisk kasowych w obr\u0119bie jednej kasy (przydatne m.in.&nbsp; podczas korzystania z sesji kasowych, kt\u00f3re s\u0105 zwi\u0105zane ze stanowiskiem oraz raport\u00f3w kasowych, kt\u00f3re dotycz\u0105 kasy).<\/li>\n<li>Mo\u017cliwo\u015b\u0107 przypisania form p\u0142atno\u015bci do stanowiska kasowego.<\/li>\n<li>Raport kasowy to zbiorczy dokument, kt\u00f3ry mo\u017ce by\u0107 przekazany bezpo\u015brednio do ksi\u0119gowo\u015bci (mo\u017ce by\u0107 odzwierciedleniem jednej lub wielu sesji kasowych).<\/li>\n<li>Sp\u00f3jna obs\u0142uga operacji na rachunku bankowym bez wzgl\u0119du na spos\u00f3b prowadzenia rachunku (ewidencjonowanie r\u0119czne, bankowo\u015b\u0107 elektroniczna).<\/li>\n<li>Bankowo\u015b\u0107 elektroniczna offline i online.<\/li>\n<li>Polecenie przelewu\/wp\u0142aty got\u00f3wkowej standardowe, podatkowe, ZUS-owe.<\/li>\n<li>Mo\u017cliwo\u015b\u0107 rejestrowania \u015brodk\u00f3w w drodze, ko\u0144czenie rozpocz\u0119tego transferu<\/li>\n<\/ul>\n<h2>Rozliczenia<\/h2>\n<ul class=\"standard\">\n<li>Podzia\u0142 p\u0142atno\u015bci na rodzaje &#8211; dla ka\u017cdego z nich mo\u017cna okre\u015bli\u0107, jaki typ rozrachunku b\u0119dzie tworzony dla p\u0142atno\u015bci (np. KP rodzaju sp\u0142ata tworzy sp\u0142at\u0119 nale\u017cno\u015bci, a rodzaju zaliczka tworzy zobowi\u0105zanie).<\/li>\n<li>Rozliczenia waluta obca \u2013 PLN.<\/li>\n<li>Kompensaty rozrachunk\u00f3w.<\/li>\n<\/ul>\n<h2>Asortyment<\/h2>\n<ul class=\"standard\">\n<li>Towar mo\u017ce zosta\u0107 przyporz\u0105dkowany do wielu dzia\u0142\u00f3w sprzeda\u017cy niezale\u017cnych od grup asortymentu, kt\u00f3re zdefiniowane s\u0105 w hierarchicznym s\u0142owniku.<\/li>\n<li>Nowy spos\u00f3b definiowania jednostek miar &#8211; przeliczniki pomi\u0119dzy miarami s\u0105 zdefiniowane jako licznik i mianownik u\u0142amka zwyk\u0142ego, co pozwoli zdefiniowa\u0107 takie jednostki jak 1\/3.<\/li>\n<li>Do jednostek miar przyporz\u0105dkowane s\u0105: opakowanie zwrotne, nazwa fiskalna, kod kreskowy itd. (pozwala to np. zaprogramowa\u0107 kas\u0119 tym samym towarem w r\u00f3\u017cnych jednostkach miary, wybra\u0107 towar z dan\u0105 jednostk\u0105 na dokument za pomoc\u0105 kod\u00f3w kreskowych).<\/li>\n<li>Jednostki posiadaj\u0105 indywidualn\u0105 precyzj\u0119, kt\u00f3r\u0105 mo\u017cna zmieni\u0107, wprowadzaj\u0105c miar\u0119 na dany towar; z jednostk\u0105 w towarze zwi\u0105zany jest kod kreskowy, opakowanie, gabaryty, czyli masa, obj\u0119to\u015b\u0107 i wymiary;<\/li>\n<li>W kartotece mo\u017cna zdefiniowa\u0107 indywidualnie dla ka\u017cdego magazynu opr\u00f3cz stanu minimalnego r\u00f3wnie\u017c stan optymalny, kt\u00f3ry domy\u015blnie jest wykorzystywany przy zamawianiu towaru u dostawcy.<\/li>\n<li>Mo\u017cliwo\u015b\u0107 ukrywania towaru na wybranych magazynach.<\/li>\n<li>Mo\u017cliwo\u015b\u0107 okre\u015blenia standardowego terminu realizacji na Zam\u00f3wieniach od klienta.<\/li>\n<li>Mo\u017cliwo\u015b\u0107 okre\u015blenia standardowego terminu realizacji na Zleceniach do dostawcy.<\/li>\n<\/ul>\n<h2>Modele<\/h2>\n<ul class=\"standard\">\n<li>Obs\u0142uga rozmiar\u00f3wki za pomoc\u0105 modeli i jego wariant\u00f3w.<\/li>\n<li>Mo\u017cliwo\u015b\u0107 generowania asortymentu na podstawie modelu.<\/li>\n<\/ul>\n<h2>Klienci<\/h2>\n<ul class=\"standard\">\n<li>Mo\u017cliwo\u015b\u0107 przypisania typu transakcji handlowej i waluty, w jakiej ma zosta\u0107 domy\u015blnie wystawiony dokument sprzeda\u017cy oraz okre\u015blenia limitu kredytu kupieckiego, kt\u00f3ry uwzgl\u0119dnia r\u00f3wnie\u017c wydany (dokumenty WZ) towar z magazynu.<\/li>\n<li>Indywidualne parametry wydruk\u00f3w &#8211; mo\u017cna zdefiniowa\u0107 specjalne wzorce wydruk\u00f3w dla ka\u017cdego typu dokumentu.<\/li>\n<li>Ewidencja przedstawicieli\/pracownik\u00f3w klienta.<\/li>\n<li>Wieloaspektowo\u015b\u0107 klient\u00f3w z podzia\u0142em klient\u00f3w na standardowych i potencjalnych (mog\u0105 nimi by\u0107 wszystkie instytucje, pracownicy oraz wsp\u00f3lnicy).<\/li>\n<li>Centralizacja informacji o kliencie \u2013 mo\u017cliwo\u015b\u0107 wystawienia dokument\u00f3w handlowych pracownikowi i wsp\u00f3lnikowi.<\/li>\n<li>Podzia\u0142 klient\u00f3w na osoby fizyczne i firmy z indywidualnymi atrybutami oraz mo\u017cliwo\u015b\u0107 przekszta\u0142cania w obie strony.<\/li>\n<li>Mechanizm przestrzegaj\u0105cy przed dublowaniem klient\u00f3w (sprawdzaj\u0105cy unikalno\u015b\u0107 NIP) &#8211; dane odnalezionego klienta mo\u017cna od razu wpisa\u0107 np. jako oddzia\u0142 lub central\u0119 lub mo\u017cna je wykorzysta\u0107 do pracy.<\/li>\n<li>Wysy\u0142anie indywidualnych lub masowych wiadomo\u015bci SMS.<\/li>\n<li>Mo\u017cliwo\u015b\u0107 zdefiniowania wielu adres\u00f3w \u2013 w tym adres\u00f3w dostaw.<\/li>\n<li>Mo\u017cliwo\u015b\u0107 okre\u015blenia struktury organizacyjnej klienta (centrala i oddzia\u0142y).<\/li>\n<li>Mo\u017cliwo\u015b\u0107 zdefiniowania szablon\u00f3w klient\u00f3w.<\/li>\n<li>Osobne cenniki dla klient\u00f3w.<\/li>\n<li>Mo\u017cliwo\u015b\u0107 wymiany dokument\u00f3w za pomoc\u0105 pliku EPP.<\/li>\n<li>Mo\u017cliwo\u015b\u0107 konfiguracji kolejno\u015bci przechodzenia po kolumnach w dokumentach.<\/li>\n<li>Mo\u017cliwo\u015b\u0107 definiowania naklejek dla towar\u00f3w i klient\u00f3w.<\/li>\n<\/ul>\n<h2>Urz\u0105dzenia zewn\u0119trzne<\/h2>\n<ul class=\"standard\">\n<li>Rozbudowana obs\u0142uga urz\u0105dze\u0144 zewn\u0119trznych (kasy fiskalne, drukarki fiskalne, wagi etykietuj\u0105ce, czytniki kod\u00f3w kreskowych).<\/li>\n<li>Serwer kasowy umo\u017cliwiaj\u0105cy automatyczn\u0105 synchronizacj\u0119 kartotek asortymentu z kasami fiskalnymi, sprawdzarkami cen i wagami etykietuj\u0105cymi oraz automatyczny odczyt danych o sprzeda\u017cy z kas fiskalnych.<\/li>\n<li>Mo\u017cliwo\u015b\u0107 pobrania z kasy paragon\u00f3w kasowych i wystawienia na ich podstawie zwrotu detalicznego lub faktury detalicznej.<\/li>\n<li>Odbi\u00f3r sprzeda\u017cy dziennej z kasy fiskalnej z uwzgl\u0119dnieniem asortymentu brakuj\u0105cego na stanie magazynowym w programie (przesorty).<\/li>\n<li>Odbi\u00f3r raport\u00f3w dobowych.<\/li>\n<\/ul>\n","protected":false},"excerpt":{"rendered":"<p><strong>Subiekt nexo<\/strong>&nbsp;zapewnia obs\u0142ug\u0119&nbsp;wszystkich typ\u00f3w dokument\u00f3w handlowych (szczeg\u00f3ln\u0105 zalet\u0105 jest zaawansowany system zam\u00f3wie\u0144) i sprawne zarz\u0105dzanie gospodark\u0105 magazynow\u0105. Posiada rozbudowan\u0105 cz\u0119\u015b\u0107 finansow\u0105, dzi\u0119ki kt\u00f3rej mo\u017cliwe jest m.in. wykonywanie operacji kasowych, bankowych czy tworzenie raport\u00f3w kasowych. Modu\u0142y rozliczeniowe umo\u017cliwiaj\u0105 ewidencjonowanie rozrachunk\u00f3w, dzia\u0142a\u0144 windykacyjnych i tabeli kurs\u00f3w walut. Kartotekowa cz\u0119\u015b\u0107 systemu pozwala prowadzi\u0107 zaawansowan\u0105 ewidencj\u0119 asortymentu, klient\u00f3w, urz\u0105dze\u0144 zewn\u0119trznych, instytucji, wsp\u00f3lnik\u00f3w i pracownik\u00f3w<\/p>\n","protected":false},"featured_media":516,"comment_status":"closed","ping_status":"closed","template":"","meta":{"ngg_post_thumbnail":0},"product_brand":[],"product_cat":[21],"product_tag":[],"class_list":{"0":"post-452","1":"product","2":"type-product","3":"status-publish","4":"has-post-thumbnail","6":"product_cat-programy-firmy-insert","8":"first","9":"instock","10":"sale","11":"taxable","12":"shipping-taxable","13":"purchasable","14":"product-type-simple"},"_links":{"self":[{"href":"https:\/\/spektrumweb.pl\/index.php\/wp-json\/wp\/v2\/product\/452","targetHints":{"allow":["GET"]}}],"collection":[{"href":"https:\/\/spektrumweb.pl\/index.php\/wp-json\/wp\/v2\/product"}],"about":[{"href":"https:\/\/spektrumweb.pl\/index.php\/wp-json\/wp\/v2\/types\/product"}],"replies":[{"embeddable":true,"href":"https:\/\/spektrumweb.pl\/index.php\/wp-json\/wp\/v2\/comments?post=452"}],"wp:featuredmedia":[{"embeddable":true,"href":"https:\/\/spektrumweb.pl\/index.php\/wp-json\/wp\/v2\/media\/516"}],"wp:attachment":[{"href":"https:\/\/spektrumweb.pl\/index.php\/wp-json\/wp\/v2\/media?parent=452"}],"wp:term":[{"taxonomy":"product_brand","embeddable":true,"href":"https:\/\/spektrumweb.pl\/index.php\/wp-json\/wp\/v2\/product_brand?post=452"},{"taxonomy":"product_cat","embeddable":true,"href":"https:\/\/spektrumweb.pl\/index.php\/wp-json\/wp\/v2\/product_cat?post=452"},{"taxonomy":"product_tag","embeddable":true,"href":"https:\/\/spektrumweb.pl\/index.php\/wp-json\/wp\/v2\/product_tag?post=452"}],"curies":[{"name":"wp","href":"https:\/\/api.w.org\/{rel}","templated":true}]}}