{"id":524,"date":"2017-12-19T01:24:37","date_gmt":"2017-12-19T00:24:37","guid":{"rendered":"http:\/\/spektrumweb.pl\/?post_type=product&#038;p=524"},"modified":"2017-12-19T01:24:37","modified_gmt":"2017-12-19T00:24:37","slug":"insert-vendero-sklep-do-1000-produktow","status":"publish","type":"product","link":"https:\/\/spektrumweb.pl\/index.php\/produkt\/insert-vendero-sklep-do-1000-produktow\/","title":{"rendered":"InsERT VENDERO sklep do 1000 produkt\u00f3w"},"content":{"rendered":"<p class=\"content\"><strong>vendero&nbsp;<\/strong>to prosty i wygodny spos\u00f3b na zaistnienie z biznesem w Internecie. Aplikacja umo\u017cliwia posiadaczom systemu InsERT GT lub InsERT nexo za\u0142o\u017cenie sklepu internetowego, witryny z ofert\u0105 lub firmowego serwisu &#8211; szybko i \u0142atwo, bez specjalistycznej wiedzy na temat&nbsp; tworzenia stron WWW. Intuicyjny kreator poprowadzi u\u017cytkownika krok po kroku do gotowej witryny w ci\u0105gu zaledwie kilku minut. Wystarczy wybra\u0107 jeden z wielu szablon\u00f3w graficznych, liczb\u0119 podstron i elementy, kt\u00f3re maj\u0105 si\u0119 na nich znale\u017a\u0107. Stworzonym w ten spos\u00f3b serwisem mo\u017cna zarz\u0105dza\u0107 z dowolnego miejsca z dost\u0119pem do Internetu.<\/p>\n<p class=\"content\">Dzi\u0119ki vendero mo\u017cna stworzy\u0107 jeden z trzech typ\u00f3w serwis\u00f3w:<\/p>\n<ul class=\"standard\">\n<li><strong>sklep internetowy<\/strong>&nbsp;&#8211; umo\u017cliwia wygodn\u0105 sprzeda\u017c towar\u00f3w z Subiekta GT lub Subiekta nexo. Zam\u00f3wienia ze sklepu trafiaj\u0105 bezpo\u015brednio do Subiekta, a panel administracyjny zapewnia pe\u0142n\u0105 kontrol\u0119 nad zawarto\u015bci\u0105, wygl\u0105dem oraz funkcjonalno\u015bci\u0105 serwisu;<\/li>\n<li><strong>witryna z ofert\u0105<\/strong>&nbsp;&#8211; strona prezentuj\u0105ca szczeg\u00f3\u0142ow\u0105 ofert\u0119 produkt\u00f3w i us\u0142ug (z podzia\u0142em na kategorie). Dane o towarach s\u0105 importowane z Subiekta GT lub Subiekta nexo do witryny (m.in. nazwa, cena, zdj\u0119cia towaru). Mo\u017cna tam zamie\u015bci\u0107 r\u00f3wnie\u017c informacje o firmie, aktualno\u015bci i dane kontaktowe;<\/li>\n<li><strong>firmowy serwis WWW<\/strong>&nbsp;&#8211; serwis, w kt\u00f3rym mo\u017cna zamieszcza\u0107 najwa\u017cniejsze informacje o firmie, og\u00f3lny opis oferty (bez prezentowania produkt\u00f3w), aktualno\u015bci, dane kontaktowe itp.<\/li>\n<\/ul>\n<p class=\"content\" align=\"center\">&nbsp;<\/p>\n<p class=\"content\"><strong>Najwa\u017cniejsze zalety<\/strong>&nbsp;<strong>vendero<\/strong>:<\/p>\n<ul class=\"standard\">\n<li><strong>\u0142atwy i szybki start&nbsp;<\/strong>\u2013 w\u0142asny sklep lub witryn\u0119 mo\u017cna za\u0142o\u017cy\u0107 za pomoc\u0105 kilku klikni\u0119\u0107 \u2013 wszystkie dane s\u0105 pobierane z uzupe\u0142nionych p\u00f3l w systemie InsERT GT lub InsERT nexo, a&nbsp;prosty kreator prowadzi krok po kroku przez ca\u0142y proces zak\u0142adania witryny;<\/li>\n<li><strong>prosta modyfikacja wygl\u0105du witryny<\/strong>&nbsp;\u2013 gotowe szablony graficzne oraz widgety pozwalaj\u0105&nbsp;dostosowa\u0107 witryn\u0119 do indywidualnych preferencji; zawarto\u015b\u0107, uk\u0142ad i kolorystyk\u0119 serwisu mo\u017cna w dowolnym momencie modyfikowa\u0107;<\/li>\n<li><strong>kompletny pakiet&nbsp;<\/strong>\u2013 nie ma potrzeby wykupywania domeny i serwera \u2013 pakiet obejmuje hosting oraz prosty i czytelny adres internetowy;<\/li>\n<li><strong>sta\u0142y dost\u0119p<\/strong>&nbsp;\u2013&nbsp;serwisem stworzonym w&nbsp;<strong>vendero<\/strong>&nbsp;mo\u017cna zarz\u0105dza\u0107 z dowolnego miejsca; wystarczy urz\u0105dzenie z dost\u0119pem do Internetu i przegl\u0105darka stron WWW;<\/li>\n<li><strong>integracja z Subiektem GT<\/strong>&nbsp;lub&nbsp;<strong>Subiektem nexo<\/strong>&nbsp;\u2013 wszystkie wybrane towary i us\u0142ugi z Subiekta automatycznie pojawiaj\u0105 si\u0119 w sklepie, a ka\u017cde z\u0142o\u017cone zam\u00f3wienie trafia do Subiekta, co zapewnia pe\u0142n\u0105 kontrol\u0119 nad prac\u0105 ca\u0142ego systemu;<\/li>\n<li><strong>przejrzysta informacja<\/strong>&nbsp;\u2013 dok\u0142adne zestawienie zam\u00f3wie\u0144 pozwala w ka\u017cdym momencie sprawdzi\u0107, na jakim etapie realizacji znajduje si\u0119 dany zakup &#8211; i to zar\u00f3wno po stronie klienta, jak i administratora sklepu;<\/li>\n<li><strong>komunikacja z klientami<\/strong>&nbsp;\u2013 mechanizm powiadomie\u0144 pomaga utrzyma\u0107 bezpo\u015bredni kontakt z klientami i na bie\u017c\u0105co informowa\u0107 ich o nowych ofertach;<\/li>\n<li><strong>integracja z p\u0142atno\u015bciami internetowymi<\/strong>&nbsp;<strong>PayU<\/strong>&nbsp;\u2013&nbsp;<strong>vendero<\/strong>&nbsp;umo\u017cliwia wyb\u00f3r wielu rodzaj\u00f3w p\u0142atno\u015bci, w tym szybkich p\u0142atno\u015bci PayU.&nbsp;<\/li>\n<\/ul>\n","protected":false},"excerpt":{"rendered":"<p><strong>vendero&nbsp;<\/strong>to prosty i wygodny spos\u00f3b na zaistnienie z biznesem w Internecie. Aplikacja umo\u017cliwia posiadaczom systemu InsERT GT lub InsERT nexo za\u0142o\u017cenie sklepu internetowego, witryny z ofert\u0105 lub firmowego serwisu &#8211; szybko i \u0142atwo, bez specjalistycznej wiedzy na temat&nbsp; tworzenia stron WWW. Intuicyjny kreator poprowadzi u\u017cytkownika krok po kroku do gotowej witryny w ci\u0105gu zaledwie kilku minut. Wystarczy wybra\u0107 jeden z wielu szablon\u00f3w graficznych, liczb\u0119 podstron i elementy, kt\u00f3re maj\u0105 si\u0119 na nich znale\u017a\u0107. Stworzonym w ten spos\u00f3b serwisem mo\u017cna zarz\u0105dza\u0107 z dowolnego miejsca z dost\u0119pem do Internetu.<\/p>\n","protected":false},"featured_media":525,"comment_status":"closed","ping_status":"closed","template":"","meta":{"ngg_post_thumbnail":0},"product_brand":[],"product_cat":[21],"product_tag":[],"class_list":{"0":"post-524","1":"product","2":"type-product","3":"status-publish","4":"has-post-thumbnail","6":"product_cat-programy-firmy-insert","8":"first","9":"instock","10":"sale","11":"taxable","12":"shipping-taxable","13":"purchasable","14":"product-type-simple"},"_links":{"self":[{"href":"https:\/\/spektrumweb.pl\/index.php\/wp-json\/wp\/v2\/product\/524","targetHints":{"allow":["GET"]}}],"collection":[{"href":"https:\/\/spektrumweb.pl\/index.php\/wp-json\/wp\/v2\/product"}],"about":[{"href":"https:\/\/spektrumweb.pl\/index.php\/wp-json\/wp\/v2\/types\/product"}],"replies":[{"embeddable":true,"href":"https:\/\/spektrumweb.pl\/index.php\/wp-json\/wp\/v2\/comments?post=524"}],"wp:featuredmedia":[{"embeddable":true,"href":"https:\/\/spektrumweb.pl\/index.php\/wp-json\/wp\/v2\/media\/525"}],"wp:attachment":[{"href":"https:\/\/spektrumweb.pl\/index.php\/wp-json\/wp\/v2\/media?parent=524"}],"wp:term":[{"taxonomy":"product_brand","embeddable":true,"href":"https:\/\/spektrumweb.pl\/index.php\/wp-json\/wp\/v2\/product_brand?post=524"},{"taxonomy":"product_cat","embeddable":true,"href":"https:\/\/spektrumweb.pl\/index.php\/wp-json\/wp\/v2\/product_cat?post=524"},{"taxonomy":"product_tag","embeddable":true,"href":"https:\/\/spektrumweb.pl\/index.php\/wp-json\/wp\/v2\/product_tag?post=524"}],"curies":[{"name":"wp","href":"https:\/\/api.w.org\/{rel}","templated":true}]}}