{"id":528,"date":"2017-12-19T01:54:00","date_gmt":"2017-12-19T00:54:00","guid":{"rendered":"http:\/\/spektrumweb.pl\/?post_type=product&#038;p=528"},"modified":"2017-12-19T01:56:54","modified_gmt":"2017-12-19T00:56:54","slug":"528","status":"publish","type":"product","link":"https:\/\/spektrumweb.pl\/index.php\/produkt\/528\/","title":{"rendered":"InsERT Subiekt Sprint 2 dla Subiekt GT"},"content":{"rendered":"<p class=\"content\"><strong>Subiekt Sprint 2<\/strong>&nbsp;to system szybkiej sprzeda\u017cy przeznaczony&nbsp; dla firm obs\u0142uguj\u0105cych klient\u00f3w detalicznych. Sprawdza si\u0119 w sklepach jedno- i wielostanowiskowych (w tym samoobs\u0142ugowych), zar\u00f3wno w pojedynczych sklepach, jak i sieciach. Wsp\u00f3\u0142pracuje z systemami handlowymi Subiekt GT lub Subiekt nexo (wymiana danych o towarach, cenach, kontrahentach itp.), a tak\u017ce z wieloma urz\u0105dzeniami zewn\u0119trznymi (drukarki fiskalne, czytniki kod\u00f3w kreskowych, wagi elektroniczne itp.).<\/p>\n<p class=\"content\"><strong>Subiekt Sprint 2<\/strong>&nbsp;to zupe\u0142nie nowa ods\u0142ona programu. System zyska\u0142 przejrzysty, intuicyjny interfejs, kt\u00f3ry maksymalnie upraszcza prac\u0119. Wersja 2 zosta\u0142a r\u00f3wnie\u017c wzbogacona o szereg nowych mo\u017cliwo\u015bci, kt\u00f3re zapewniaj\u0105 szybsz\u0105 obs\u0142ug\u0119 klient\u00f3w i sprawniejsze zarz\u0105dzanie sklepem.<\/p>\n<p class=\"content\">System z\u0142o\u017cony jest z dw\u00f3ch g\u0142\u00f3wnych aplikacji &#8211;&nbsp;<strong>Sprzeda\u017cy<\/strong>&nbsp;i&nbsp;<strong>Zarz\u0105dzania<\/strong>. Pierwsza umo\u017cliwia wystawianie dokument\u00f3w handlowych na stanowiskach sprzeda\u017cy; druga to aplikacja typu \u201eback office\u201d, kt\u00f3ra administruje sprzeda\u017c\u0105, umo\u017cliwiaj\u0105c m.in. konfigurowanie stanowisk w\u0142\u0105cznie z urz\u0105dzeniami zewn\u0119trznymi, delegowanie i rozliczanie sprzedawc\u00f3w, kontrol\u0119 stan\u00f3w magazynowych oraz konfigurowanie wymiany danych z systemem handlowym.<\/p>\n<p class=\"content\">&nbsp;<strong>Sprzeda\u017c \u2013 najwa\u017cniejsze funkcje:<\/strong><\/p>\n<ul class=\"standard\">\n<li>sprawdzanie stanu magazynowego asortymentu w innych oddzia\u0142ach (sklepach);<\/li>\n<li>stosowanie promocji czasowych i cenowych definiowanych w Subiekcie nexo lub Subiekcie GT;<\/li>\n<li>wystawianie wszystkich niezb\u0119dnych dokument\u00f3w sprzeda\u017cy (faktury, paragony) oraz zwrot\u00f3w ze sprzeda\u017cy detalicznej zgodnie z obowi\u0105zuj\u0105cymi przepisami;<\/li>\n<li>obs\u0142uga wielu modeli drukarek fiskalnych w oparciu o protoko\u0142y komunikacyjne (m.in.: Novitus, Thermal, Posnet, Elzab, Upos);<\/li>\n<li>obs\u0142uga wielu urz\u0105dze\u0144 zewn\u0119trznych u\u0142atwiaj\u0105cych prowadzenie sprzeda\u017cy: wag elektronicznych, czytnik\u00f3w kod\u00f3w kreskowych (RS i klawiaturowych), wy\u015bwietlaczy;&nbsp;<\/li>\n<li>obs\u0142uga ekran\u00f3w dotykowych;<\/li>\n<li>przyjmowanie p\u0142atno\u015bci i wydawanie reszty w dowolnej walucie;<\/li>\n<li>obs\u0142uga r\u00f3\u017cnych form p\u0142atno\u015bci (got\u00f3wka, karta, bon);&nbsp;<\/li>\n<li>\u0142atwe i bardzo szybkie wystawianie dokument\u00f3w dzi\u0119ki zapisywaniu i fiskalizowaniu \u201eonline\u201d, czyli natychmiastowym zapisie do bazy danych i zarejestrowaniu fiskalnym wprowadzonej pozycji asortymentowej;<\/li>\n<li>mo\u017cliwo\u015b\u0107 jednoczesnego wystawiania wielu dokument\u00f3w na stanowisku (tryb multidokumentowy);<\/li>\n<li>obs\u0142uga rabat\u00f3w z mo\u017cliwo\u015bci\u0105 definiowania dopuszczalnych prog\u00f3w rabatowych dla poszczeg\u00f3lnych sprzedawc\u00f3w;&nbsp;<\/li>\n<li>mo\u017cliwo\u015b\u0107 pobrania cz\u0119\u015bci utargu w trakcie pracy sprzedawcy;<\/li>\n<li>identyfikacja towaru za pomoc\u0105 czytnika kod\u00f3w kreskowych oraz r\u00f3\u017cnych sposob\u00f3w wyszukiwania (po nazwie, symbolu, kodzie kreskowym lub PLU, za pomoc\u0105 mechanizmu InsTYNKT);<\/li>\n<li>obs\u0142uga asortymentu powi\u0105zanego (np. towar z opakowaniem);<\/li>\n<li>obs\u0142uga kod\u00f3w kreskowych ze zmienn\u0105 ilo\u015bci\u0105, cen\u0105, wag\u0105;<\/li>\n<li>anulowanie pozycji i ca\u0142ego dokumentu;<\/li>\n<li>drukowanie dokument\u00f3w na drukarkach graficznych i tekstowych;<\/li>\n<li>w interfejsie dotykowym mo\u017cliwo\u015b\u0107 korzystania z przycisk\u00f3w szybkiej ilo\u015bci (przydatne przy sprzeda\u017cy towar\u00f3w w paczkach).<\/li>\n<\/ul>\n<p class=\"content\">&nbsp;<strong>&nbsp;<br \/>\nZarz\u0105dzanie sklepem \u2013 najwa\u017cniejsze funkcje:<\/strong><\/p>\n<ul class=\"standard\">\n<li>konfigurowanie stanowisk sprzeda\u017cy z uwzgl\u0119dnianiem specyfiki prowadzonej na nich sprzeda\u017cy oraz zarz\u0105dzanie infrastruktur\u0105 sprz\u0119tow\u0105;&nbsp;<\/li>\n<li>kompleksowa obs\u0142uga personelu, z przypisywaniem r\u00f3l i uprawnie\u0144 oraz delegowaniem i rozliczaniem sprzedawc\u00f3w;&nbsp;<\/li>\n<li>zarz\u0105dzanie asortymentem &#8211; stany magazynowe (przyj\u0119cie towaru, zwrot towaru, inwentaryzacja, przesorty), cenniki;&nbsp;<\/li>\n<li>wsp\u00f3\u0142praca z systemem handlowym (Subiekt GT lub Subiekt nexo) &#8211; importowanie towar\u00f3w, kontrahent\u00f3w, cennik\u00f3w, u\u017cytkownik\u00f3w, danych o podmiocie; eksport sprzeda\u017cy; mo\u017cliwo\u015b\u0107 ustalenia harmonogramu wymiany danych mi\u0119dzy Subiektem Sprint a systemem handlowym.<\/li>\n<\/ul>\n<p class=\"content\"><strong><br \/>\nNajwa\u017cniejsze nowo\u015bci w Subiekcie Sprint 2:<\/strong><\/p>\n<ul class=\"standard\">\n<li>nowy wygl\u0105d programu \u2013 u\u0142atwione poruszanie si\u0119 po systemie;&nbsp;<\/li>\n<li>zmiana ceny asortymentu niezale\u017cnie od systemu handlowego;&nbsp;<\/li>\n<li>zbiorcze przypisywanie ustawie\u0144 dotycz\u0105cych ekranu dotykowego dla wszystkich stanowisk;&nbsp;<\/li>\n<li>drukowanie duplikat\u00f3w wystawionych dokument\u00f3w handlowych;&nbsp;<\/li>\n<li>przypisywanie filtr\u00f3w towar\u00f3w do stanowiska (na danym stanowisku domy\u015blnie u\u017cytkownik b\u0119dzie widzia\u0142 odfiltrowan\u0105 list\u0119 asortymentow\u0105);&nbsp;<\/li>\n<li>usuwanie wszystkich zastosowanych rabat\u00f3w w trakcie wystawiania dokumentu handlowego;&nbsp;<\/li>\n<li>mo\u017cliwo\u015b\u0107 wydrukowania ostatnio wystawionego dokumentu;&nbsp;<\/li>\n<li>mo\u017cliwo\u015b\u0107 zabezpieczania pliku archiwum has\u0142em;&nbsp;<\/li>\n<li>dodatkowe zabezpieczanie po stronie systemu handlowego przed pojawianiem si\u0119 r\u00f3\u017cnic w stanach magazynowych mi\u0119dzy sklepem, central\u0105 a systemem handlowym. Zabezpieczenie dost\u0119pne po stronie systemu handlowego Subiekt GT w wersji 1.39;<\/li>\n<li>filtrowanie towar\u00f3w po statusie aktywno\u015bci (dowolny, aktywny, nieaktywny).&nbsp;<\/li>\n<\/ul>\n","protected":false},"excerpt":{"rendered":"<p><strong>Subiekt Sprint 2<\/strong>&nbsp;to system szybkiej sprzeda\u017cy przeznaczony&nbsp; dla firm obs\u0142uguj\u0105cych klient\u00f3w detalicznych. Sprawdza si\u0119 w sklepach jedno- i wielostanowiskowych (w tym samoobs\u0142ugowych), zar\u00f3wno w pojedynczych sklepach, jak i sieciach. Wsp\u00f3\u0142pracuje z systemami handlowymi Subiekt GT lub Subiekt nexo (wymiana danych o towarach, cenach, kontrahentach itp.), a tak\u017ce z wieloma urz\u0105dzeniami zewn\u0119trznymi (drukarki fiskalne, czytniki kod\u00f3w kreskowych, wagi elektroniczne itp.).<\/p>\n","protected":false},"featured_media":529,"comment_status":"closed","ping_status":"closed","template":"","meta":{"ngg_post_thumbnail":0},"product_brand":[],"product_cat":[21],"product_tag":[],"class_list":{"0":"post-528","1":"product","2":"type-product","3":"status-publish","4":"has-post-thumbnail","6":"product_cat-programy-firmy-insert","8":"first","9":"instock","10":"sale","11":"taxable","12":"shipping-taxable","13":"purchasable","14":"product-type-simple"},"_links":{"self":[{"href":"https:\/\/spektrumweb.pl\/index.php\/wp-json\/wp\/v2\/product\/528","targetHints":{"allow":["GET"]}}],"collection":[{"href":"https:\/\/spektrumweb.pl\/index.php\/wp-json\/wp\/v2\/product"}],"about":[{"href":"https:\/\/spektrumweb.pl\/index.php\/wp-json\/wp\/v2\/types\/product"}],"replies":[{"embeddable":true,"href":"https:\/\/spektrumweb.pl\/index.php\/wp-json\/wp\/v2\/comments?post=528"}],"wp:featuredmedia":[{"embeddable":true,"href":"https:\/\/spektrumweb.pl\/index.php\/wp-json\/wp\/v2\/media\/529"}],"wp:attachment":[{"href":"https:\/\/spektrumweb.pl\/index.php\/wp-json\/wp\/v2\/media?parent=528"}],"wp:term":[{"taxonomy":"product_brand","embeddable":true,"href":"https:\/\/spektrumweb.pl\/index.php\/wp-json\/wp\/v2\/product_brand?post=528"},{"taxonomy":"product_cat","embeddable":true,"href":"https:\/\/spektrumweb.pl\/index.php\/wp-json\/wp\/v2\/product_cat?post=528"},{"taxonomy":"product_tag","embeddable":true,"href":"https:\/\/spektrumweb.pl\/index.php\/wp-json\/wp\/v2\/product_tag?post=528"}],"curies":[{"name":"wp","href":"https:\/\/api.w.org\/{rel}","templated":true}]}}