{"id":67196,"date":"2021-03-31T23:19:50","date_gmt":"2021-03-31T21:19:50","guid":{"rendered":"http:\/\/spektrumweb.pl\/?post_type=product&#038;p=67196"},"modified":"2023-05-23T23:47:58","modified_gmt":"2023-05-23T21:47:58","slug":"67196","status":"publish","type":"product","link":"https:\/\/spektrumweb.pl\/index.php\/produkt\/67196\/","title":{"rendered":"POSNET BINGO MAX ONLINE"},"content":{"rendered":"<div class=\"product_description_left\">\n<div class=\"product_description\">\n<h3>PO\u0141\u0104CZ SI\u0118 Z\u00a0CRK<\/h3>\n<p>Bingo Max zapewnia komunikacj\u0119 z\u00a0Centralnym Repozytorium Kas za pomoc\u0105 interfejs\u00f3w:<\/p>\n<ul>\n<li>Ethernet<\/li>\n<li>USB<\/li>\n<li>WiFi *<\/li>\n<li>modemu 3G *<\/li>\n<\/ul>\n<p>Pozwala to optymalnie dopasowa\u0107 spos\u00f3b komunikacji z\u00a0CRK do warunk\u00f3w, w\u00a0jakich prowadzony jest biznes.<\/p>\n<p>Pobierz instrukcj\u0119 dotycz\u0105c\u0105 skonfigurowania po\u0142\u0105czenia z\u00a0CRK w\u00a0kasach Posnet (Quick OnLine &#8211; instrukcja).<\/p>\n<p><i>* &#8211; wyposa\u017cenie opcjonalne<\/i><\/p>\n<\/div>\n<\/div>\n<div class=\"product_description_right\">\n<div class=\"product_description\">\n<h3>WYGODNA I\u00a0WYTRZYMA\u0141A KLAWIATURA<\/h3>\n<p>Bingo Max posiada wytrzyma\u0142\u0105 i\u00a0wygodn\u0105 klawiatur\u0119 mechaniczn\u0105 z\u00a0mo\u017cliwo\u015bci\u0105 zaprogramowania\u00a042 klawiszy skr\u00f3tu do najwa\u017cniejszych funkcji jak:<\/p>\n<ul>\n<li>sprzeda\u017c szybka<\/li>\n<li>p\u0142atno\u015b\u0107 kart\u0105<\/li>\n<li>raport dobowy, miesi\u0119czny itp.<\/li>\n<\/ul>\n<p>Gwarantuje\u00a0 to komfort pracy, a tak\u017ce sprawia, \u017ce jej obs\u0142uga jest prosta i szybka.<\/p>\n<\/div>\n<\/div>\n<div class=\"product_description_left\">\n<div class=\"product_description\">\n<h3>CZYTELNE WY\u015aWIETLACZE<\/h3>\n<p>Zastosowanie graficznych pod\u015bwietlanych wy\u015bwietlaczy z du\u017c\u0105 i czyteln\u0105 czcionk\u0105, zapewnia wygod\u0119 oraz komfort pracy na urz\u0105dzeniu.<\/p>\n<\/div>\n<\/div>\n<div class=\"product_description_right\">\n<div class=\"product_description\">\n<h3>\u0141ATWA WYMIANA PAPIERU<\/h3>\n<p>W kasie zastosowano mechanizm drukuj\u0105cy \u201edrop in &#8211; wrzu\u0107 i drukuj\u201d, kt\u00f3ry zapewnia szybk\u0105 i sprawn\u0105 wymian\u0119 papieru.<\/p>\n<\/div>\n<\/div>\n<div class=\"product_description_left\">\n<div class=\"product_description\">\n<h3>KOMFORT U\u017bYTKOWANIA<\/h3>\n<p>Kasa Bingo Max ma nowoczesn\u0105 budow\u0119, niedu\u017ce rozmiary (249 x 99 x 207 mm), intuicyjn\u0105 i wygodn\u0105 klawiatur\u0119, co gwarantuje komfort w u\u017cytkowaniu urz\u0105dzenia.<\/p>\n<\/div>\n<\/div>\n<div class=\"product_description_right\">\n<div class=\"product_description\">\n<h3>NETPAY\/TRANSAKCJE BEZGOT\u00d3WKOWE<\/h3>\n<p>Bingo Max wsp\u00f3\u0142pracuje z terminalem p\u0142atniczym Netpay. Pozwala to realizowa\u0107 p\u0142atno\u015bci bezgot\u00f3wkowe. Dodatkowo, Netpay mo\u017ce zapewni\u0107 kasie po\u0142\u0105czenie z CRK, poprzez udost\u0119pnienie internetu.<\/p>\n<\/div>\n<\/div>\n<div class=\"product_description_left\">\n<div class=\"product_description\">\n<h3>WSP\u00d3\u0141PRACA Z\u00a0INNYMI URZ\u0104DZENIAMI<\/h3>\n<p>W prosty spos\u00f3b mo\u017cesz poszerzy\u0107 mo\u017cliwo\u015bci kasy Bingo Max, pod\u0142\u0105czaj\u0105c do niej urz\u0105dzenia wspomagaj\u0105ce sprzeda\u017c, mi\u0119dzy innymi:<\/p>\n<ul>\n<li>wag\u0119<\/li>\n<li>czytnik kod\u00f3w kreskowych<\/li>\n<li>terminal p\u0142atniczy<\/li>\n<li>szuflad\u0119\u00a0kasow\u0105.<\/li>\n<\/ul>\n<\/div>\n<\/div>\n<div class=\"product_description_text\">\n<div class=\"product_description\">\n<h3>DU\u017bA BAZA TOWAROWA (PLU)<\/h3>\n<p>Bingo Max ONLINE oferuje du\u017c\u0105 baz\u0119 towarow\u0105. W standardowej wersji jest to 10 000 PLU, z mo\u017cliwo\u015bci\u0105 rozszerzenia do 20 000 PLU, a nawet 30 000 PLU. Dzi\u0119ki temu, u\u017cytkownik mo\u017ce zaprogramowa\u0107 nawet mocno rozbudowany asortyment produkt\u00f3w.<\/p>\n<\/div>\n<\/div>\n<div class=\"product_description_right\">\n<div class=\"product_description\">\n<h3>DLA KOGO?<\/h3>\n<p>Znakomicie sprawdza si\u0119 jako\u00a0<strong>kasa sklepowa<\/strong>. Polecana szczeg\u00f3lnie do ma\u0142ych sklep\u00f3w i\u00a0plac\u00f3wek handlowo-us\u0142ugowych. Np.:<\/p>\n<ul>\n<li>sklepy spo\u017cywcze<\/li>\n<li>sklepy przemys\u0142owe<\/li>\n<li>minimarkety<\/li>\n<li>kwiaciarnie<\/li>\n<li>sklepy osiedlowe<\/li>\n<li>punkty us\u0142ugowe<\/li>\n<li>salony fryzjerskie, kosmetyczne, kosmetologiczne<\/li>\n<li>pensjonaty<\/li>\n<li>ma\u0142a gastronomia.<\/li>\n<\/ul>\n<\/div>\n<\/div>\n","protected":false},"excerpt":{"rendered":"<p style=\"text-align: justify;\">Bingo Max to legendarna kasa w\u00a0nowym wydaniu. Po\u0142\u0105czyli\u015bmy niezawodn\u0105 funkcjonalno\u015b\u0107 jej poprzednik\u00f3w z\u00a0now\u0105 form\u0105. Dzi\u0119ki mo\u017cliwo\u015bci rozbudowy o\u00a0dodatkowe modu\u0142y komunikacji, kasa idealnie sprawdzi si\u0119 w\u00a0ma\u0142ych i\u00a0\u015brednich przedsi\u0119biorstwach.<\/p>\n","protected":false},"featured_media":67198,"comment_status":"closed","ping_status":"closed","template":"","meta":{"ngg_post_thumbnail":0},"product_brand":[],"product_cat":[24],"product_tag":[],"class_list":{"0":"post-67196","1":"product","2":"type-product","3":"status-publish","4":"has-post-thumbnail","6":"product_cat-bez-kategorii","8":"first","9":"instock","10":"sale","11":"taxable","12":"shipping-taxable","13":"purchasable","14":"product-type-variable","15":"has-default-attributes"},"_links":{"self":[{"href":"https:\/\/spektrumweb.pl\/index.php\/wp-json\/wp\/v2\/product\/67196","targetHints":{"allow":["GET"]}}],"collection":[{"href":"https:\/\/spektrumweb.pl\/index.php\/wp-json\/wp\/v2\/product"}],"about":[{"href":"https:\/\/spektrumweb.pl\/index.php\/wp-json\/wp\/v2\/types\/product"}],"replies":[{"embeddable":true,"href":"https:\/\/spektrumweb.pl\/index.php\/wp-json\/wp\/v2\/comments?post=67196"}],"wp:featuredmedia":[{"embeddable":true,"href":"https:\/\/spektrumweb.pl\/index.php\/wp-json\/wp\/v2\/media\/67198"}],"wp:attachment":[{"href":"https:\/\/spektrumweb.pl\/index.php\/wp-json\/wp\/v2\/media?parent=67196"}],"wp:term":[{"taxonomy":"product_brand","embeddable":true,"href":"https:\/\/spektrumweb.pl\/index.php\/wp-json\/wp\/v2\/product_brand?post=67196"},{"taxonomy":"product_cat","embeddable":true,"href":"https:\/\/spektrumweb.pl\/index.php\/wp-json\/wp\/v2\/product_cat?post=67196"},{"taxonomy":"product_tag","embeddable":true,"href":"https:\/\/spektrumweb.pl\/index.php\/wp-json\/wp\/v2\/product_tag?post=67196"}],"curies":[{"name":"wp","href":"https:\/\/api.w.org\/{rel}","templated":true}]}}