{"id":67409,"date":"2026-04-06T01:41:41","date_gmt":"2026-04-05T23:41:41","guid":{"rendered":"https:\/\/spektrumweb.pl\/?post_type=product&#038;p=67409"},"modified":"2026-04-06T16:39:59","modified_gmt":"2026-04-06T14:39:59","slug":"posnet-vero","status":"publish","type":"product","link":"https:\/\/spektrumweb.pl\/index.php\/produkt\/posnet-vero\/","title":{"rendered":"POSNET Vero"},"content":{"rendered":"<div class=\"product_short_desc\">\n<h3>Rodzina SAIO<\/h3>\n<p>Vero nale\u017cy do rodziny urz\u0105dze\u0144 SAIO (system all in one). To kompleksowe rozwi\u0105zania fiskalne, kompaktowe POSy skonstruowane w&nbsp;systemie all in one i&nbsp;dzia\u0142aj\u0105ce w&nbsp;oparciu o&nbsp;system operacyjny Android. Vero sk\u0142ada si\u0119 z&nbsp;drukarki fiskalnej ONLINE, platformy POS oraz aplikacji sprzeda\u017cowej.<\/p>\n<\/div>\n<div class=\"product_price\">Cena netto:&nbsp;1999,00 PLN<\/div>\n<div class=\"product_price_info\">cena drukarki fiskalnej<\/div>\n<div class=\"product_price_list\">\n<div class=\"product_price\">Cena netto:&nbsp;100,00 PLN<\/div>\n<div class=\"product_price_info\">najni\u017cszy wariant abonamentu miesi\u0119cznego na wynajem platformy sprz\u0119towej i aplikacji sprzeda\u017cowej GoPOS<\/div>\n<div class=\"product_price\">Cena netto:&nbsp;141,00 PLN<\/div>\n<div class=\"product_price_info\">najni\u017cszy wariant abonamentu miesi\u0119cznego na wynajem platformy sprz\u0119towej i aplikacji sprzeda\u017cowej iPOS<\/div>\n<div class=\"product_price\">Cena netto:&nbsp;140,00 PLN<\/div>\n<div class=\"product_price_info\">najni\u017cszy wariant abonamentu miesi\u0119cznego na wynajem platformy sprz\u0119towej i aplikacji sprzeda\u017cowej mKasNet<\/div>\n<div class=\"product_price_content\">\n<p>U\u017cytkownik nabywa jedynie&nbsp;<strong>drukark\u0119 fiskaln\u0105 ONLINE<\/strong>, kt\u00f3ra stanowi jeden z&nbsp;element\u00f3w Vero. Dzi\u0119ki temu ma mo\u017cliwo\u015b\u0107 skorzystania z&nbsp;ulgi Urz\u0119du Skarbowego do 700 z\u0142 na zakup urz\u0105dzenia fiskalnego.<\/p>\n<p><strong>Wynajem platformy sprz\u0119towej i&nbsp;aplikacji sprzeda\u017cowej<\/strong>&nbsp;gwarantuje klientowi ko\u0144cowemu niskie koszty na start u\u017cytkowania Vero.<br \/>\n&nbsp;<\/p>\n<\/div>\n<\/div>\n<div class=\"trait_item\">\n<div class=\"trait_foto\"><img decoding=\"async\" class=\"alignleft\" src=\"https:\/\/www.posnet.com.pl\/files\/products_traits\/frontend\/funkcja-online.png\" alt=\"\"><\/div>\n<div class=\"trait_content\">\n<div class=\"trait_title\"><strong>ONLINE<\/strong><\/div>\n<div class=\"trait_desc\">\n<p>Urz\u0105dzenie fiskalne komunikuje si\u0119 z&nbsp;Centralnym Rejestrem Kas (CRK, inaczej Repozytorium). Zgodnie z&nbsp;wymaganiami CRK urz\u0105dzenie przesy\u0142a szereg danych, m. in.: raporty dobowe, paragony fiskalne, dokumenty niefiskalne, zdarzenia a&nbsp;tak\u017ce informacje o&nbsp;dokonanych przegl\u0105dach okresowych.<\/p>\n<\/div>\n<\/div>\n<div class=\"clr\">&nbsp;<\/div>\n<\/div>\n<div class=\"trait_item\">\n<div class=\"trait_foto\"><img decoding=\"async\" class=\"alignleft\" src=\"https:\/\/www.posnet.com.pl\/files\/products_traits\/frontend\/ikona-android.png\" alt=\"\"><\/div>\n<div class=\"trait_content\">\n<div class=\"trait_title\"><strong>Android dystrybucji Posnet<\/strong><\/div>\n<div class=\"trait_desc\">\n<p>Urz\u0105dzenia SAIO dzia\u0142aj\u0105 pod kontrol\u0105 systemu operacyjnego Android. Dystrybucja jest przygotowana i&nbsp;gwarantowana przez Posnet, co zapewnia jej bezpiecze\u0144stwo i&nbsp;stabilno\u015b\u0107 pracy. To daje nam pewno\u015b\u0107, \u017ce u\u017cytkownik mo\u017ce zawsze bezproblemowo korzysta\u0107 z&nbsp;urz\u0105dzenia zgodnie z&nbsp;jego przeznaczeniem.<\/p>\n<\/div>\n<\/div>\n<div class=\"clr\">&nbsp;<\/div>\n<\/div>\n<div class=\"trait_item\">\n<div class=\"trait_foto\">&nbsp;<\/div>\n<div class=\"trait_content\">\n<div class=\"trait_title\">Port USB<\/div>\n<div class=\"trait_desc\">\n<p>Urz\u0105dzenie posiada wbudowany port USB typu A. Dzi\u0119ki temu w&nbsp;\u0142atwy spos\u00f3b \u0142\u0105czy si\u0119 z&nbsp;akcesoriami, takimi jak hub USB, czy skanery kod\u00f3w kreskowych &#8211; dzia\u0142a z&nbsp;wi\u0119kszo\u015bci\u0105 skaner\u00f3w wiod\u0105cych marek, na czele z&nbsp;Honeywell.<\/p>\n<\/div>\n<\/div>\n<div class=\"clr\">&nbsp;<\/div>\n<\/div>\n<div class=\"trait_item\">\n<div class=\"trait_foto\"><img decoding=\"async\" class=\"alignleft\" src=\"https:\/\/www.posnet.com.pl\/files\/products_traits\/frontend\/vero-blutooth.png\" alt=\"\"><\/div>\n<div class=\"trait_content\">\n<div class=\"trait_title\"><strong>Bluetooth<\/strong><\/div>\n<div class=\"trait_desc\">\n<p>Bluetooth w&nbsp;wersji 5.1 w&nbsp;Vero zapewnia bezprzewodow\u0105 wsp\u00f3\u0142prac\u0119 z&nbsp;wieloma akcesoriami, np. skanerami kod\u00f3w, wagami czy urz\u0105dzeniami wskazuj\u0105cymi, jak klawiatura i&nbsp;mysz.<\/p>\n<\/div>\n<\/div>\n<div class=\"clr\">&nbsp;<\/div>\n<\/div>\n<div class=\"trait_item\">\n<div class=\"trait_foto\"><img decoding=\"async\" class=\"alignleft\" src=\"https:\/\/www.posnet.com.pl\/files\/products_traits\/frontend\/vero-wifi.png\" alt=\"\"><\/div>\n<div class=\"trait_content\">\n<div class=\"trait_title\"><strong>WIFI<\/strong><\/div>\n<div class=\"trait_desc\">\n<p>Vero oferuje \u0142\u0105czno\u015b\u0107 WiFi w&nbsp;standardzie 2.4 GHz, 802.11b\/g\/n, co umo\u017cliwia jego bezprzewodowe po\u0142\u0105czenie z&nbsp;internetem oraz urz\u0105dzeniami peryferyjnymi w&nbsp;sieci.<\/p>\n<\/div>\n<\/div>\n<div class=\"clr\">&nbsp;<\/div>\n<\/div>\n<div class=\"trait_item\">\n<div class=\"trait_foto\"><img decoding=\"async\" class=\"alignleft\" src=\"https:\/\/www.posnet.com.pl\/files\/products_traits\/frontend\/vero-ethernet.png\" alt=\"\"><\/div>\n<div class=\"trait_content\">\n<div class=\"trait_title\"><strong>Port ethernet<\/strong><\/div>\n<div class=\"trait_desc\">\n<p>Urz\u0105dzenie posiada wbudowany port ethernet, co umo\u017cliwia szybkie i&nbsp;\u0142atwe po\u0142\u0105czenie z&nbsp;lokaln\u0105 sieci\u0105 internetow\u0105. Po\u0142\u0105czenie przez LAN gwarantuje najwi\u0119ksz\u0105 stabilno\u015b\u0107 sygna\u0142u, szybko\u015b\u0107 przesy\u0142u danych i&nbsp;bezproblemowe u\u017cytkowanie.<\/p>\n<\/div>\n<\/div>\n<div class=\"clr\">&nbsp;<\/div>\n<\/div>\n<div class=\"trait_item\">\n<div class=\"trait_foto\"><img decoding=\"async\" class=\"alignleft\" src=\"https:\/\/www.posnet.com.pl\/files\/products_traits\/frontend\/vero-eparagon-v3.png\" alt=\"\"><\/div>\n<div class=\"trait_content\">\n<div class=\"trait_title\"><strong>E-paragon<\/strong><\/div>\n<div class=\"trait_desc\">\n<p>Produkt spe\u0142nia wymagania techniczne konieczne do obs\u0142ugi e-paragon\u00f3w. Urz\u0105dzenie przeka\u017ce go klientowi po po\u0142\u0105czeniu z&nbsp;odpowiednim systemem dystrybucji e-paragon\u00f3w. Warunkiem takiej operacji jest rezygnacja klienta z&nbsp;fizycznego paragonu.<\/p>\n<\/div>\n<\/div>\n<div class=\"clr\">&nbsp;<\/div>\n<\/div>\n<div class=\"trait_item\">\n<div class=\"trait_foto\"><img decoding=\"async\" class=\"alignleft\" src=\"https:\/\/www.posnet.com.pl\/files\/products_traits\/frontend\/-kompatybilnosc-z-szufladami.png\" alt=\"\"><\/div>\n<div class=\"trait_content\">\n<div class=\"trait_title\"><strong>Wsp\u00f3\u0142praca z szufladami<\/strong><\/div>\n<div class=\"trait_desc\">\n<p>Vero wsp\u00f3\u0142pracuje z&nbsp;dost\u0119pnymi na rynku szufladami o&nbsp;napi\u0119ciu 6V, 12V, 18V i&nbsp;24V.<\/p>\n<\/div>\n<\/div>\n<div class=\"clr\">&nbsp;<\/div>\n<\/div>\n<div class=\"trait_item\">\n<div class=\"trait_foto\"><img decoding=\"async\" class=\"alignleft\" src=\"https:\/\/www.posnet.com.pl\/files\/products_traits\/frontend\/mechanizm-drukujacy-drop.png\" alt=\"\"><\/div>\n<div class=\"trait_content\">\n<div class=\"trait_title\"><strong>Mechanizm drukuj\u0105cy \u201ewrzu\u0107 i drukuj\u201d<\/strong><\/div>\n<div class=\"trait_desc\">\n<p>System szybkiej wymiany papieru \u201edrop-in &#8211; wrzu\u0107 i&nbsp;drukuj\u201d gwarantuje \u0142atw\u0105 obs\u0142ug\u0119 i&nbsp;wydajn\u0105 prac\u0119.<\/p>\n<\/div>\n<\/div>\n<\/div>\n","protected":false},"excerpt":{"rendered":"<p style=\"text-align: justify;\">Vero nale\u017cy do rodziny urz\u0105dze\u0144 SAIO (system all in one). To kompleksowe rozwi\u0105zania fiskalne, kompaktowe POSy skonstruowane w&nbsp;systemie all in one i&nbsp;dzia\u0142aj\u0105ce w&nbsp;oparciu o&nbsp;system operacyjny Android. Vero sk\u0142ada si\u0119 z&nbsp;drukarki fiskalnej ONLINE, platformy POS oraz aplikacji sprzeda\u017cowej.<\/p>\n","protected":false},"featured_media":67415,"comment_status":"closed","ping_status":"closed","template":"","meta":{"ngg_post_thumbnail":0},"product_brand":[],"product_cat":[24],"product_tag":[],"class_list":{"0":"post-67409","1":"product","2":"type-product","3":"status-publish","4":"has-post-thumbnail","6":"product_cat-bez-kategorii","8":"first","9":"instock","10":"taxable","11":"shipping-taxable","12":"purchasable","13":"product-type-simple"},"_links":{"self":[{"href":"https:\/\/spektrumweb.pl\/index.php\/wp-json\/wp\/v2\/product\/67409","targetHints":{"allow":["GET"]}}],"collection":[{"href":"https:\/\/spektrumweb.pl\/index.php\/wp-json\/wp\/v2\/product"}],"about":[{"href":"https:\/\/spektrumweb.pl\/index.php\/wp-json\/wp\/v2\/types\/product"}],"replies":[{"embeddable":true,"href":"https:\/\/spektrumweb.pl\/index.php\/wp-json\/wp\/v2\/comments?post=67409"}],"wp:featuredmedia":[{"embeddable":true,"href":"https:\/\/spektrumweb.pl\/index.php\/wp-json\/wp\/v2\/media\/67415"}],"wp:attachment":[{"href":"https:\/\/spektrumweb.pl\/index.php\/wp-json\/wp\/v2\/media?parent=67409"}],"wp:term":[{"taxonomy":"product_brand","embeddable":true,"href":"https:\/\/spektrumweb.pl\/index.php\/wp-json\/wp\/v2\/product_brand?post=67409"},{"taxonomy":"product_cat","embeddable":true,"href":"https:\/\/spektrumweb.pl\/index.php\/wp-json\/wp\/v2\/product_cat?post=67409"},{"taxonomy":"product_tag","embeddable":true,"href":"https:\/\/spektrumweb.pl\/index.php\/wp-json\/wp\/v2\/product_tag?post=67409"}],"curies":[{"name":"wp","href":"https:\/\/api.w.org\/{rel}","templated":true}]}}