{"id":67476,"date":"2026-04-06T13:36:04","date_gmt":"2026-04-06T11:36:04","guid":{"rendered":"https:\/\/spektrumweb.pl\/?post_type=product&#038;p=67476"},"modified":"2026-04-06T18:13:13","modified_gmt":"2026-04-06T16:13:13","slug":"program-insert-subiekt-123-pakiet-podstawowy","status":"publish","type":"product","link":"https:\/\/spektrumweb.pl\/index.php\/produkt\/program-insert-subiekt-123-pakiet-podstawowy\/","title":{"rendered":"Program Subiekt 123"},"content":{"rendered":"<div class=\"mpof_ki myre_zn myre_8v_l m389_6m_l\">\n<div class=\"mp4t_16_s mryx_16_s mr3m_1 mli2_1 mh85_56 mh85_0_l\">\n<div class=\"mgn2_16 _0d3bd_am0a-\">&nbsp;<\/div>\n<\/div>\n<\/div>\n<div class=\"mpof_ki myre_zn myre_8v_l m389_6m_l\">\n<div class=\"mp4t_16_s mryx_16_s mr3m_1 mli2_1 mh85_56 mh85_0_l\">\n<div class=\"mgn2_16 _0d3bd_am0a-\">\n<p>&nbsp;<\/p>\n<h2 style=\"text-align: justify;\">Najwa\u017cniejsze funkcje aplikacji Subiekt 123:<\/h2>\n<ul style=\"text-align: justify;\">\n<li><b>Faktury i paragony<\/b> Wystawienie faktury, czy paragonu jest intuicyjne i zajmuje tylko chwilk\u0119. Korzysta\u0107 mo\u017cna z gotowych danych klient\u00f3w i listy produkt\u00f3w wprowadzonych wcze\u015bniej w aplikacji. Wybiera si\u0119 form\u0119 i termin p\u0142atno\u015bci. Ewentualnie zaznaczamy odwrotne obci\u0105\u017cenie. Dla wystawionych dokument\u00f3w mo\u017cna \u0142atwo wygenerowa\u0107 pliki PDF i wys\u0142a\u0107 je bezpo\u015brednio do klient\u00f3w. W razie potrzeby dokonamy r\u00f3wnie\u017c ich korekty<\/li>\n<\/ul>\n<ul style=\"text-align: justify;\">\n<li><b>Dokumenty w walucie<\/b> Aplikacja daje mo\u017cliwo\u015b\u0107 wystawienia dokument\u00f3w w obcej walucie. Subiekt 123 zapewnia wsparcie dla transakcji wewn\u0105trzwsp\u00f3lnotowej dostawy towar\u00f3w (WNT) oraz eksportu towar\u00f3w. Program automatycznie pobiera aktualny kurs waluty. Istnieje r\u00f3wnie\u017c mo\u017cliwo\u015b\u0107 drukowania dwuj\u0119zycznych faktur: polsko-angielskiej i polsko-niemieckiej<\/li>\n<\/ul>\n<ul style=\"text-align: justify;\">\n<li><b>Kartoteka klient\u00f3w<\/b>&nbsp;Informacje o klientach s\u0105 zawsze pod r\u0119k\u0105. \u0141atwo mo\u017cna ich dodawa\u0107, edytowa\u0107 lub usuwa\u0107. Dla wygody u\u017cytkownika mo\u017cna szybko pobra\u0107 dane klienta z bazy GUS \u2013 w ten spos\u00f3b szybko znajdziemy dane firm, z kt\u00f3rymi wsp\u00f3\u0142pracujemy. Dane teleadresowe, numer konta bankowego, termin p\u0142atno\u015bci, wysoko\u015b\u0107 przyznanego rabatu, opis klienta \u2013 to tylko nieliczne informacje, kt\u00f3re umo\u017cliwia aplikacja Subiekt 123 w codziennej pracy.<\/li>\n<\/ul>\n<ul style=\"text-align: justify;\">\n<li><b>Us\u0142ugi i towary<\/b> Aplikacja umo\u017cliwia przechowywanie danych dotycz\u0105cych us\u0142ug, kt\u00f3re \u015bwiadczymy i towar\u00f3w, kt\u00f3rymi dysponujemy. Wprowadzamy nazw\u0119, cen\u0119 \u2013 i to ju\u017c wszystko! Zarz\u0105dzanie produktami u\u0142atwia przypisanie ich do poszczeg\u00f3lnych, indywidualnie stworzonych grup.=<\/li>\n<\/ul>\n<ul style=\"text-align: justify;\">\n<li><b>Jednolity Plik Kontrolny<\/b>&nbsp;Aplikacja jest przystosowana i gotowa do obs\u0142ugi JPK. Subiekt 123 umo\u017cliwia generowanie plik\u00f3w JPK_VAT (Jednolity plik kontrolny dla ewidencji sprzeda\u017cy i zakup\u00f3w VAT) oraz JPK_FA (Jednolity plik kontrolny dla faktur VAT).<\/li>\n<\/ul>\n<ul style=\"text-align: justify;\">\n<li><b>Terminarz p\u0142atno\u015bci<\/b>&nbsp;U\u017cytkownik nie muso pami\u0119ta\u0107, kiedy nale\u017cy zap\u0142aci\u0107 sk\u0142adki lub kiedy klient powinien uregulowa\u0107 faktury. Wystarczy, \u017ce na pocz\u0105tku pracy z programem w\u0142a\u015bciwie okre\u015blimy parametry dzia\u0142alno\u015bci firmy (np. w jaki spos\u00f3b rozliczasz podatki) czy te\u017c terminy p\u0142atno\u015bci \u2013 zobowi\u0105za\u0144 przez Twoich i klient\u00f3w. Aplikacja w odpowiednim czasie wy\u015bwietli Nam w\u0142a\u015bciw\u0105 informacj\u0119.<\/li>\n<\/ul>\n<p style=\"text-align: justify;\"><b>Dost\u0119pne s\u0105 wersje j\u0119zykowe Subiekta 123<\/b>.<\/p>\n<p style=\"text-align: justify;\">Teraz z aplikacji do fakturowania mog\u0105 korzysta\u0107 przedsi\u0119biorcy ukrai\u0144sko- i rosyjskoj\u0119zyczni, a tak\u017ce te firmy, kt\u00f3re zatrudniaj\u0105 pracownik\u00f3w zza wschodniej granicy. Wersje j\u0119zykowe dost\u0119pne s\u0105 w ramach podstawowej licencji i nie s\u0105 dodatkowo p\u0142atne. Dokumenty sprzeda\u017cowe generowane za pomoc\u0105 aplikacji wystawiane s\u0105 w j\u0119zyku polskim.<\/p>\n<\/div>\n<\/div>\n<\/div>\n","protected":false},"excerpt":{"rendered":"<p style=\"text-align: justify;\"><b>Subiekt 123 to przyjazny i \u0142atwy w obs\u0142udze<\/b>&nbsp;system do fakturowania on-line, zarz\u0105dzania informacjami o klientach oraz rozliczania us\u0142ug i towar\u00f3w. Jest przystosowany do obs\u0142ugi<b>&nbsp;JPK<\/b>. Jest to aplikacja dla firm poszukuj\u0105cych&nbsp;<b>prostego i intuicyjnego narz\u0119dzia<\/b>&nbsp;do zarz\u0105dzania sprzeda\u017c\u0105 bez zarz\u0105dzania zapasami. Jest zintegrowany z programem ksi\u0119gowym&nbsp;<b>InsERT nexo<\/b>, co pozwala na ci\u0105g\u0142e przesy\u0142anie dokument\u00f3w do biura rachunkowego. Jest skonstruowany w taki spos\u00f3b, \u017ce mo\u017cesz samodzielnie decydowa\u0107 o dodawaniu kolejnych modu\u0142\u00f3w w miar\u0119 rozwoju biznesu. Mo\u017cesz z nim pracowa\u0107 w dowolnym miejscu \u2013&nbsp;<b>wystarczy dost\u0119p do Internetu<\/b>.<\/p>\n","protected":false},"featured_media":67477,"comment_status":"closed","ping_status":"closed","template":"","meta":{"ngg_post_thumbnail":0},"product_brand":[],"product_cat":[21],"product_tag":[],"class_list":{"0":"post-67476","1":"product","2":"type-product","3":"status-publish","4":"has-post-thumbnail","6":"product_cat-programy-firmy-insert","8":"first","9":"instock","10":"sale","11":"taxable","12":"shipping-taxable","13":"purchasable","14":"product-type-simple"},"_links":{"self":[{"href":"https:\/\/spektrumweb.pl\/index.php\/wp-json\/wp\/v2\/product\/67476","targetHints":{"allow":["GET"]}}],"collection":[{"href":"https:\/\/spektrumweb.pl\/index.php\/wp-json\/wp\/v2\/product"}],"about":[{"href":"https:\/\/spektrumweb.pl\/index.php\/wp-json\/wp\/v2\/types\/product"}],"replies":[{"embeddable":true,"href":"https:\/\/spektrumweb.pl\/index.php\/wp-json\/wp\/v2\/comments?post=67476"}],"wp:featuredmedia":[{"embeddable":true,"href":"https:\/\/spektrumweb.pl\/index.php\/wp-json\/wp\/v2\/media\/67477"}],"wp:attachment":[{"href":"https:\/\/spektrumweb.pl\/index.php\/wp-json\/wp\/v2\/media?parent=67476"}],"wp:term":[{"taxonomy":"product_brand","embeddable":true,"href":"https:\/\/spektrumweb.pl\/index.php\/wp-json\/wp\/v2\/product_brand?post=67476"},{"taxonomy":"product_cat","embeddable":true,"href":"https:\/\/spektrumweb.pl\/index.php\/wp-json\/wp\/v2\/product_cat?post=67476"},{"taxonomy":"product_tag","embeddable":true,"href":"https:\/\/spektrumweb.pl\/index.php\/wp-json\/wp\/v2\/product_tag?post=67476"}],"curies":[{"name":"wp","href":"https:\/\/api.w.org\/{rel}","templated":true}]}}