{"id":67480,"date":"2026-04-06T14:56:33","date_gmt":"2026-04-06T12:56:33","guid":{"rendered":"https:\/\/spektrumweb.pl\/?post_type=product&#038;p=67480"},"modified":"2026-04-06T15:35:24","modified_gmt":"2026-04-06T13:35:24","slug":"posnet-mobile-online-kopia","status":"publish","type":"product","link":"https:\/\/spektrumweb.pl\/index.php\/produkt\/posnet-mobile-online-kopia\/","title":{"rendered":"Posnet Mobile 2"},"content":{"rendered":"<div class=\"product_description_right\">\n<div class=\"product_description\">&nbsp;<\/div>\n<div class=\"clr\">&nbsp;<\/div>\n<\/div>\n<div class=\"product_description_left\">\n<div class=\"product_description\">\n<h3>Wi-Fi lub LTE \u2014 mobilno\u015b\u0107 bez ogranicze\u0144<img decoding=\"async\" class=\"alignright\" style=\"font-size: 16px;\" src=\"https:\/\/www.posnet.com.pl\/files\/products_descriptions\/666\/frontend\/mobile2---wifilte-2.png\" alt=\"\" data-parallax=\"{ &quot;x&quot;: 50, &quot;smoothness&quot;: 10 }\" data-parallax2=\"{ &quot;x&quot;: 0, &quot;smoothness&quot;: 10 }\"><\/h3>\n<p>Wybierasz wariant \u0142\u0105czno\u015bci dopasowany do sposobu pracy: Wi-Fi do firmowej sieci albo LTE do pe\u0142nej mobilno\u015bci w&nbsp;terenie. Stabilne po\u0142\u0105czenie online to pewna transmisja danych do CRK i&nbsp;p\u0142ynna obs\u0142uga. Zmieniasz miejsce pracy bez martwienia si\u0119 o&nbsp;dost\u0119p do internetu. Mobilno\u015b\u0107 naprawd\u0119 bez ogranicze\u0144.<\/p>\n<\/div>\n<\/div>\n<div class=\"product_description_right\">\n<div class=\"product_description\">\n<h3>Klienci p\u0142ac\u0105, jak lubi\u0105<img decoding=\"async\" class=\"alignright\" style=\"font-size: 16px;\" src=\"https:\/\/www.posnet.com.pl\/files\/products_descriptions\/666\/frontend\/mobile2---blik-1.png\" alt=\"\" data-parallax=\"{ &quot;x&quot;: -50, &quot;smoothness&quot;: 10 }\" data-parallax2=\"{ &quot;x&quot;: 0, &quot;smoothness&quot;: 10 }\"><\/h3>\n<p>Przyjmiesz p\u0142atno\u015b\u0107 BLIK bez konieczno\u015bci pod\u0142\u0105czania zewn\u0119trznego terminala. To szybkie, znane klientom rozwi\u0105zanie dla p\u0142atno\u015bci bezgot\u00f3wkowych. Je\u015bli potrzebujesz, Mobile 2 wsp\u00f3\u0142pracuje r\u00f3wnie\u017c z&nbsp;terminalami p\u0142atniczymi. Masz wi\u0119c wyb\u00f3r \u2014 prosto z&nbsp;kasy lub w&nbsp;klasycznym uk\u0142adzie z&nbsp;terminalem.<\/p>\n<p><a class=\"link_btn\" title=\"Dowiedz si\u0119 wi\u0119cej\" href=\"https:\/\/www.posnet.com.pl\/blikiem-na-kasach-posnet\" target=\"_blank\" rel=\"noopener\">Dowiedz si\u0119 wi\u0119cej&nbsp;<\/a><\/p>\n<\/div>\n<\/div>\n<div class=\"trait_item\">\n<div class=\"trait_foto\"><img decoding=\"async\" class=\"alignleft\" src=\"https:\/\/www.posnet.com.pl\/files\/products_traits\/frontend\/funkcja-online.png\" alt=\"\"><\/div>\n<div class=\"trait_content\">\n<div class=\"trait_title\"><strong>ONLINE<\/strong><\/div>\n<div class=\"trait_desc\">\n<p>Urz\u0105dzenie fiskalne komunikuje si\u0119 z Centralnym Rejestrem Kas (CRK, inaczej Repozytorium). Zgodnie z wymaganiami CRK urz\u0105dzenie przesy\u0142a szereg danych, m. in.: raporty dobowe, paragony fiskalne, dokumenty niefiskalne, zdarzenia a tak\u017ce informacje o dokonanych przegl\u0105dach okresowych.<\/p>\n<\/div>\n<\/div>\n<\/div>\n<div class=\"trait_item\">\n<div class=\"trait_foto\"><img decoding=\"async\" class=\"alignleft\" src=\"https:\/\/www.posnet.com.pl\/files\/products_traits\/frontend\/-usulugi-czasowe.png\" alt=\"\"><\/div>\n<div class=\"trait_content\">\n<div class=\"trait_title\"><strong>Modu\u0142 us\u0142ugi czasowe<\/strong><\/div>\n<div class=\"trait_desc\">\n<p>Modu\u0142 us\u0142ugi czasowe umo\u017cliwia obs\u0142ug\u0119 parking\u00f3w, miejsc postojowych i&nbsp;innych, w&nbsp;kt\u00f3rych op\u0142ata zwi\u0105zana jest z&nbsp;czasem us\u0142ugi (np. wypo\u017cyczanie sprz\u0119tu):<\/p>\n<ul>\n<li>Rejestrowanie wjazdu na parking &#8211; wydruk kwitu parkingowego.<\/li>\n<li>Rejestrowanie wyjazdu &#8211; naliczenie nale\u017cno\u015bci do zap\u0142aty &#8211; wydruk kwitu.<\/li>\n<li>Naliczenie op\u0142aty z&nbsp;g\u00f3ry na okre\u015blony czas.<\/li>\n<li>Naliczenie op\u0142aty z&nbsp;do\u0142u.<\/li>\n<li>Prowadzenie listy zdarze\u0144 parkingowych.<\/li>\n<\/ul>\n<\/div>\n<\/div>\n<div class=\"clr\">&nbsp;<\/div>\n<\/div>\n<div class=\"trait_item\">\n<div class=\"trait_foto\"><img decoding=\"async\" class=\"alignleft\" src=\"https:\/\/www.posnet.com.pl\/files\/products_traits\/frontend\/-kody-kreskowe-i-2d.png\" alt=\"\"><\/div>\n<div class=\"trait_content\">\n<div class=\"trait_title\"><strong>Wbudowany skaner kod\u00f3w 2D<\/strong><\/div>\n<div class=\"trait_desc\">\n<p>Zintegrowany skaner 2d odczytuje kody z opakowa\u0144 towar\u00f3w, wydrukowanych kwit\u00f3w oraz ekran\u00f3w telefon\u00f3w.<\/p>\n<\/div>\n<\/div>\n<\/div>\n<div class=\"trait_item\">\n<div class=\"trait_foto\"><img decoding=\"async\" class=\"alignleft\" src=\"https:\/\/www.posnet.com.pl\/files\/products_traits\/frontend\/-niska-cena.png\" alt=\"\"><\/div>\n<div class=\"trait_content\">\n<div class=\"trait_title\"><strong>Elastyczne cenniki<\/strong><\/div>\n<div class=\"trait_desc\">\n<p>Mo\u017cliwo\u015b\u0107 zdefiniowania do 5 cennik\u00f3w, kt\u00f3re nast\u0119pnie b\u0119d\u0105 wybierane przez sprzedawc\u0119 przy sprzeda\u017cy us\u0142ugi.<\/p>\n<\/div>\n<\/div>\n<\/div>\n<div class=\"trait_item\">\n<div class=\"trait_foto\"><img decoding=\"async\" class=\"alignleft\" src=\"https:\/\/www.posnet.com.pl\/files\/products_traits\/frontend\/-porty-i-interfejsy.png\" alt=\"\"><\/div>\n<div class=\"trait_content\">\n<div class=\"trait_title\"><strong>Z\u0142\u0105cza komunikacyjne<\/strong><\/div>\n<div class=\"trait_desc\">\n<p>Z\u0142\u0105cza komunikacyjne umo\u017cliwiaj\u0105 stosowanie czytnik\u00f3w kod\u00f3w kreskowych, terminala, wag i \u0142\u0105czenie kasy z komputerem.<\/p>\n<\/div>\n<\/div>\n<\/div>\n<div class=\"trait_item\">\n<div class=\"trait_foto\"><img decoding=\"async\" class=\"alignleft\" src=\"https:\/\/www.posnet.com.pl\/files\/products_traits\/frontend\/-czytelny-wyswietlacz.png\" alt=\"\"><\/div>\n<div class=\"trait_content\">\n<div class=\"trait_title\"><strong>Dopasowanie wy\u015bwietlacza do o\u015bwietlenia<\/strong><\/div>\n<div class=\"trait_desc\">\n<p>Optymalne dopasowanie wy\u015bwietlacza operatora do o\u015bwietlenia panuj\u0105cego w&nbsp;miejscu pracy kasy przez ustawienie nast\u0119puj\u0105cych parametr\u00f3w: kontrastu, czasu zaniku pod\u015bwietlenia, pod\u015bwietlenia, jasno\u015bci pod\u015bwietlenia, wygl\u0105du.<\/p>\n<\/div>\n<\/div>\n<div class=\"clr\">&nbsp;<\/div>\n<\/div>\n<div class=\"trait_item\">\n<div class=\"trait_foto\"><img decoding=\"async\" class=\"alignleft\" src=\"https:\/\/www.posnet.com.pl\/files\/products_traits\/frontend\/-terminal-platniczny.png\" alt=\"\"><\/div>\n<div class=\"trait_content\">\n<div class=\"trait_title\"><strong>P\u0142atno\u015bci bezgot\u00f3wkowe<\/strong><\/div>\n<div class=\"trait_desc\">\n<p>Obs\u0142uga p\u0142atno\u015bci bezgot\u00f3wkowych m.in. za pomoc\u0105 BLIK.<\/p>\n<\/div>\n<\/div>\n<\/div>\n<div class=\"trait_item\">\n<div class=\"trait_foto\"><img decoding=\"async\" class=\"alignleft\" src=\"https:\/\/www.posnet.com.pl\/files\/products_traits\/frontend\/vero-eparagon-v3.png\" alt=\"\"><\/div>\n<div class=\"trait_content\">\n<div class=\"trait_title\"><strong>E-paragon<\/strong><\/div>\n<div class=\"trait_desc\">\n<p>Produkt spe\u0142nia wymagania techniczne konieczne do obs\u0142ugi e-paragon\u00f3w. Urz\u0105dzenie przeka\u017ce go klientowi po po\u0142\u0105czeniu z odpowiednim systemem dystrybucji e-paragon\u00f3w. Warunkiem takiej operacji jest rezygnacja klienta z fizycznego paragonu.<\/p>\n<\/div>\n<\/div>\n<\/div>\n<div class=\"trait_item\">\n<div class=\"trait_foto\"><img decoding=\"async\" class=\"alignleft\" src=\"https:\/\/www.posnet.com.pl\/files\/products_traits\/frontend\/grafika-na-paragonach.png\" alt=\"\"><\/div>\n<div class=\"trait_content\">\n<div class=\"trait_title\"><strong>Grafika na paragonach<\/strong><\/div>\n<div class=\"trait_desc\">\n<p>W nag\u0142\u00f3wku i stopce ka\u017cdego paragonu i wydruku z kasy mo\u017cna wydrukowa\u0107 dowoln\u0105, czarno-bia\u0142\u0105 grafik\u0119. Mo\u017ce to by\u0107 np. logo sklepu lub reklama. Samodzielnie tw\u00f3rz i wgrywaj w\u0142asn\u0105 grafik\u0119 z u\u017cyciem programu Posnet Grafik.<\/p>\n<\/div>\n<\/div>\n<\/div>\n<div class=\"trait_item\">\n<div class=\"trait_foto\"><img decoding=\"async\" class=\"alignleft\" src=\"https:\/\/www.posnet.com.pl\/files\/products_traits\/frontend\/mala-i-moblina.png\" alt=\"\"><\/div>\n<div class=\"trait_content\">\n<div class=\"trait_title\"><strong>Ma\u0142a i mobilna<\/strong><\/div>\n<div class=\"trait_desc\">\n<p>Urz\u0105dzenie mobline o wyj\u0105tkowo ma\u0142ych gabarytach i wadze.<\/p>\n<\/div>\n<\/div>\n<\/div>\n<div class=\"trait_item\">\n<div class=\"trait_foto\"><img decoding=\"async\" class=\"alignleft\" src=\"https:\/\/www.posnet.com.pl\/files\/products_traits\/frontend\/mechanizm-drukujacy-drop.png\" alt=\"\"><\/div>\n<div class=\"trait_content\">\n<div class=\"trait_title\"><strong>Mechanizm drukuj\u0105cy \u201ewrzu\u0107 i drukuj\u201d<\/strong><\/div>\n<div class=\"trait_desc\">\n<p>System szybkiej wymiany papieru \u201edrop-in &#8211; wrzu\u0107 i drukuj\u201d gwarantuje \u0142atw\u0105 obs\u0142ug\u0119 i wydajn\u0105 prac\u0119.<\/p>\n<\/div>\n<\/div>\n<\/div>\n<div class=\"trait_item\">\n<div class=\"trait_foto\"><img decoding=\"async\" class=\"alignleft\" src=\"https:\/\/www.posnet.com.pl\/files\/products_traits\/frontend\/nip-nabywcy-na-paragonie.png\" alt=\"\"><\/div>\n<div class=\"trait_content\">\n<div class=\"trait_title\"><strong>NIP nabywcy na paragonie<\/strong><\/div>\n<div class=\"trait_desc\">\n<p>Mo\u017cliwo\u015b\u0107 wydruku NIP nabywcy w&nbsp;fiskalnej cz\u0119\u015bci paragonu.<\/p>\n<\/div>\n<\/div>\n<\/div>\n","protected":false},"excerpt":{"rendered":"<p style=\"text-align: justify;\">Posnet Mobile 2 \u0142\u0105czy niewielkie rozmiary z wydajnym akumulatorem, stabiln\u0105 \u0142\u0105czno\u015bci\u0105 Wi-Fi lub LTE i wbudowanym skanerem 2D, dzi\u0119ki czemu obs\u0142u\u017cysz klienta szybciej i bez przestoj\u00f3w. Jedno urz\u0105dzenie \u2014 pe\u0142na gotowo\u015b\u0107 do pracy w ka\u017cdym miejscu. Lekka, por\u0119czna i&nbsp;wygodna do przenoszenia \u2014 sprawdzi si\u0119 wsz\u0119dzie tam, gdzie s\u0105 Twoi klienci. Zmie\u015bci si\u0119 w&nbsp;torbie, plecaku czy schowku samochodowym. Ergonomiczny kszta\u0142t i&nbsp;przemy\u015blany design przyspieszaj\u0105 ka\u017cd\u0105 transakcj\u0119. Jest po prostu zwinna w&nbsp;codziennej eksploatacji.<\/p>\n","protected":false},"featured_media":67485,"comment_status":"closed","ping_status":"closed","template":"","meta":{"ngg_post_thumbnail":0},"product_brand":[],"product_cat":[24],"product_tag":[],"class_list":{"0":"post-67480","1":"product","2":"type-product","3":"status-publish","4":"has-post-thumbnail","6":"product_cat-bez-kategorii","8":"first","9":"instock","10":"sale","11":"taxable","12":"shipping-taxable","13":"purchasable","14":"product-type-variable","15":"has-default-attributes"},"_links":{"self":[{"href":"https:\/\/spektrumweb.pl\/index.php\/wp-json\/wp\/v2\/product\/67480","targetHints":{"allow":["GET"]}}],"collection":[{"href":"https:\/\/spektrumweb.pl\/index.php\/wp-json\/wp\/v2\/product"}],"about":[{"href":"https:\/\/spektrumweb.pl\/index.php\/wp-json\/wp\/v2\/types\/product"}],"replies":[{"embeddable":true,"href":"https:\/\/spektrumweb.pl\/index.php\/wp-json\/wp\/v2\/comments?post=67480"}],"wp:featuredmedia":[{"embeddable":true,"href":"https:\/\/spektrumweb.pl\/index.php\/wp-json\/wp\/v2\/media\/67485"}],"wp:attachment":[{"href":"https:\/\/spektrumweb.pl\/index.php\/wp-json\/wp\/v2\/media?parent=67480"}],"wp:term":[{"taxonomy":"product_brand","embeddable":true,"href":"https:\/\/spektrumweb.pl\/index.php\/wp-json\/wp\/v2\/product_brand?post=67480"},{"taxonomy":"product_cat","embeddable":true,"href":"https:\/\/spektrumweb.pl\/index.php\/wp-json\/wp\/v2\/product_cat?post=67480"},{"taxonomy":"product_tag","embeddable":true,"href":"https:\/\/spektrumweb.pl\/index.php\/wp-json\/wp\/v2\/product_tag?post=67480"}],"curies":[{"name":"wp","href":"https:\/\/api.w.org\/{rel}","templated":true}]}}