{"id":67523,"date":"2026-04-06T16:46:58","date_gmt":"2026-04-06T14:46:58","guid":{"rendered":"https:\/\/spektrumweb.pl\/?post_type=product&#038;p=67523"},"modified":"2026-04-06T17:12:21","modified_gmt":"2026-04-06T15:12:21","slug":"posnet-evo","status":"publish","type":"product","link":"https:\/\/spektrumweb.pl\/index.php\/produkt\/posnet-evo\/","title":{"rendered":"POSNET EVO"},"content":{"rendered":"<div class=\"product_short_desc\">\n<p>Evo to wygodny, mobilny i&nbsp;kompleksowy POS dla ma\u0142ych i&nbsp;\u015brednich przedsi\u0119biorc\u00f3w. Dzi\u0119ki atrakcyjnej cenie wynajmu jego u\u017cytkowanie gwarantuje du\u017ce oszcz\u0119dno\u015bci. Evo oferuje intuicyjn\u0105&nbsp;aplikacj\u0119 sprzeda\u017cow\u0105 oraz mo\u017cliwo\u015b\u0107&nbsp;obs\u0142ugi p\u0142atno\u015bci bezgot\u00f3wkowych.<\/p>\n<\/div>\n<div class=\"product_price\">Cena netto:&nbsp;1899,00 PLN<\/div>\n<div class=\"product_price_info\">cena drukarki fiskalnej<\/div>\n<div class=\"product_price_list\">\n<div class=\"product_price\">Cena netto:&nbsp;29,00 PLN<\/div>\n<div class=\"product_price_info\">najni\u017cszy wariant abonamentu miesi\u0119cznego na wynajem platformy sprz\u0119towej i aplikacji sprzeda\u017cowej POS-UP<\/div>\n<div class=\"product_price\">Cena netto:&nbsp;98,00 PLN<\/div>\n<div class=\"product_price_info\">najni\u017cszy wariant abonamentu miesi\u0119cznego na wynajem platformy sprz\u0119towej i aplikacji sprzeda\u017cowej iPOS<\/div>\n<div class=\"product_price_content\">\n<p>U\u017cytkownik nabywa jedynie&nbsp;<strong>drukark\u0119 fiskaln\u0105 ONLINE<\/strong>, kt\u00f3ra stanowi jeden z&nbsp;element\u00f3w Evo. Dzi\u0119ki temu ma mo\u017cliwo\u015b\u0107 skorzystania z&nbsp;ulgi Urz\u0119du Skarbowego do 700 z\u0142 na zakup urz\u0105dzenia fiskalnego.<\/p>\n<p><strong>Wynajem platformy sprz\u0119towej i&nbsp;aplikacji sprzeda\u017cowej<\/strong>&nbsp;gwarantuje klientowi ko\u0144cowemu niskie koszty na start u\u017cytkowania Evo.<\/p>\n<p><strong>Rodzina SAIO<\/strong><\/p>\n<p><img loading=\"lazy\" decoding=\"async\" class=\"wp-image-67536 alignright\" src=\"https:\/\/spektrumweb.pl\/wp-content\/uploads\/2026\/04\/rodzina-saio-300x180.png\" alt=\"\" width=\"258\" height=\"155\" srcset=\"https:\/\/spektrumweb.pl\/wp-content\/uploads\/2026\/04\/rodzina-saio-300x180.png 300w, https:\/\/spektrumweb.pl\/wp-content\/uploads\/2026\/04\/rodzina-saio-400x240.png 400w, https:\/\/spektrumweb.pl\/wp-content\/uploads\/2026\/04\/rodzina-saio.png 500w\" sizes=\"auto, (max-width: 258px) 100vw, 258px\" \/>Evo nale\u017cy do rodziny urz\u0105dze\u0144 SAIO (system all in one). To wielofunkcyjne rozwi\u0105zania fiskalne, kompaktowe POSy dzia\u0142aj\u0105ce w&nbsp;systemie all in one. Na Evo sk\u0142adaj\u0105 si\u0119: drukarka fiskalna, tablet&nbsp;POS oraz aplikacje sprzeda\u017cowe.<\/p>\n<p>&nbsp;<\/p>\n<p>&nbsp;<\/p>\n<p>&nbsp;<\/p>\n<p><strong>Planet Pay POSapp<\/strong><\/p>\n<p><img loading=\"lazy\" decoding=\"async\" class=\"wp-image-67535 alignright\" src=\"https:\/\/spektrumweb.pl\/wp-content\/uploads\/2026\/04\/evo-www-07-dla-malych-biznesow-300x180.png\" alt=\"\" width=\"267\" height=\"160\" srcset=\"https:\/\/spektrumweb.pl\/wp-content\/uploads\/2026\/04\/evo-www-07-dla-malych-biznesow-300x180.png 300w, https:\/\/spektrumweb.pl\/wp-content\/uploads\/2026\/04\/evo-www-07-dla-malych-biznesow-400x240.png 400w, https:\/\/spektrumweb.pl\/wp-content\/uploads\/2026\/04\/evo-www-07-dla-malych-biznesow.png 500w\" sizes=\"auto, (max-width: 267px) 100vw, 267px\" \/>Dzi\u0119ki aplikacji Planet Pay POSapp zmienisz EVO w&nbsp;terminal p\u0142atniczy umo\u017cliwiaj\u0105cy przyjmowanie p\u0142atno\u015bci zbli\u017ceniowych bez limit\u00f3w za po\u015brednictwem kart Visa i&nbsp;Mastercard, BLIK, Apple Pay, Google Pay.<\/p>\n<p>&nbsp;<\/p>\n<p>&nbsp;<\/p>\n<p>&nbsp;<\/p>\n<p><strong>Aplikacja iPOS<\/strong><\/p>\n<p><img loading=\"lazy\" decoding=\"async\" class=\" wp-image-67525 alignright\" src=\"https:\/\/spektrumweb.pl\/wp-content\/uploads\/2026\/04\/evo-ipos-300x180.png\" alt=\"\" width=\"268\" height=\"161\" srcset=\"https:\/\/spektrumweb.pl\/wp-content\/uploads\/2026\/04\/evo-ipos-300x180.png 300w, https:\/\/spektrumweb.pl\/wp-content\/uploads\/2026\/04\/evo-ipos-400x240.png 400w, https:\/\/spektrumweb.pl\/wp-content\/uploads\/2026\/04\/evo-ipos.png 500w\" sizes=\"auto, (max-width: 268px) 100vw, 268px\" \/>Posnet Evo z&nbsp;aplikacj\u0105 iPOS to wi\u0119cej mo\u017cliwo\u015bci dla Twojego biznesu. W&nbsp;ramach abonamentu dostajesz dost\u0119p do uniwersalnej aplikacji sprzeda\u017cowej, dzi\u0119ki kt\u00f3rej obs\u0142u\u017cysz sprzeda\u017c oraz przyjmiesz p\u0142atno\u015b\u0107 bezgot\u00f3wkow\u0105. Evo z&nbsp;aplikacj\u0105 iPOS prze\u015ble wszelkie dane sprzeda\u017cowe do iPOS web, do kt\u00f3rego zalogujesz si\u0119 z&nbsp;dowolnego urz\u0105dzenia z&nbsp;internetem.<\/p>\n<p>&nbsp;<\/p>\n<p><strong>Korzystny wynajem<\/strong><\/p>\n<p><img loading=\"lazy\" decoding=\"async\" class=\"wp-image-67534 alignright\" src=\"https:\/\/spektrumweb.pl\/wp-content\/uploads\/2026\/04\/evo-www-03-bez-przymusu-zakupu-300x180.png\" alt=\"\" width=\"262\" height=\"157\" srcset=\"https:\/\/spektrumweb.pl\/wp-content\/uploads\/2026\/04\/evo-www-03-bez-przymusu-zakupu-300x180.png 300w, https:\/\/spektrumweb.pl\/wp-content\/uploads\/2026\/04\/evo-www-03-bez-przymusu-zakupu-400x240.png 400w, https:\/\/spektrumweb.pl\/wp-content\/uploads\/2026\/04\/evo-www-03-bez-przymusu-zakupu.png 500w\" sizes=\"auto, (max-width: 262px) 100vw, 262px\" \/>Evo sk\u0142ada si\u0119 z&nbsp;tabletu POS, aplikacji sprzeda\u017cowej i&nbsp;drukarki fiskalnej. Tablet POS oraz&nbsp;aplikacj\u0119 sprzeda\u017cow\u0105 u\u017cytkownik wynajmuje, a&nbsp;niewielki, miesi\u0119czny abonament pozwoli na spore oszcz\u0119dno\u015bci! Z&nbsp;element\u00f3w Evo kupuje si\u0119 jedynie drukark\u0119 fiskaln\u0105, za kt\u00f3r\u0105 i&nbsp;tak przys\u0142uguje zwrot z&nbsp;US do 700 z\u0142otych!&nbsp;<\/p>\n<p>&nbsp;<\/p>\n<\/div>\n<\/div>\n<div class=\"trait_item\">\n<div class=\"trait_foto\"><img decoding=\"async\" class=\"alignleft\" src=\"https:\/\/www.posnet.com.pl\/files\/products_traits\/frontend\/funkcja-online.png\" alt=\"\"><\/div>\n<div class=\"trait_content\">\n<div class=\"trait_title\"><strong>ONLINE<\/strong><\/div>\n<div class=\"trait_desc\">\n<p>Urz\u0105dzenie fiskalne komunikuje si\u0119 z&nbsp;Centralnym Rejestrem Kas (CRK, inaczej Repozytorium). Zgodnie z&nbsp;wymaganiami CRK urz\u0105dzenie przesy\u0142a szereg danych, m. in.: raporty dobowe, paragony fiskalne, dokumenty niefiskalne, zdarzenia a&nbsp;tak\u017ce informacje o&nbsp;dokonanych przegl\u0105dach okresowych.<\/p>\n<\/div>\n<\/div>\n<div class=\"clr\">&nbsp;<\/div>\n<\/div>\n<div class=\"trait_item\">\n<div class=\"trait_foto\"><img decoding=\"async\" class=\"alignleft\" src=\"https:\/\/www.posnet.com.pl\/files\/products_traits\/frontend\/-vero-blutooth.png\" alt=\"\"><\/div>\n<div class=\"trait_content\">\n<div class=\"trait_title\"><strong>Bluetooth<\/strong><\/div>\n<div class=\"trait_desc\">\n<p>Bluetooth w&nbsp;wersji 2.1 w&nbsp;Evo zapewnia bezprzewodow\u0105 wsp\u00f3\u0142prac\u0119 z&nbsp;wieloma akcesoriami, np. skanerami kod\u00f3w, wagami czy urz\u0105dzeniami wskazuj\u0105cymi, jak klawiatura i&nbsp;mysz.<\/p>\n<\/div>\n<\/div>\n<div class=\"clr\">&nbsp;<\/div>\n<\/div>\n<div class=\"trait_item\">\n<div class=\"trait_foto\"><img decoding=\"async\" class=\"alignleft\" src=\"https:\/\/www.posnet.com.pl\/files\/products_traits\/frontend\/-vero-wifi.png\" alt=\"\"><\/div>\n<div class=\"trait_content\">\n<div class=\"trait_title\"><strong>WIFI<\/strong><\/div>\n<div class=\"trait_desc\">\n<p>Evo oferuje \u0142\u0105czno\u015b\u0107 WiFi w&nbsp;standardzie 2.4 GHz i&nbsp;5 GHz, co umo\u017cliwia jego bezprzewodowe po\u0142\u0105czenie z&nbsp;Internetem oraz urz\u0105dzeniami peryferyjnymi w&nbsp;sieci.<\/p>\n<\/div>\n<\/div>\n<div class=\"clr\">&nbsp;<\/div>\n<\/div>\n<div class=\"trait_item\">\n<div class=\"trait_foto\"><img decoding=\"async\" class=\"alignleft\" src=\"https:\/\/www.posnet.com.pl\/files\/products_traits\/frontend\/evo-nfc.png\" alt=\"\"><\/div>\n<div class=\"trait_content\">\n<div class=\"trait_title\"><strong>NFC<\/strong><\/div>\n<div class=\"trait_desc\">\n<p>Evo ma funkcje NFC, kt\u00f3ra pozwala na przyjmowanie p\u0142atno\u015bci bezgot\u00f3wkowych bezpo\u015brednio na urz\u0105dzeniu.<\/p>\n<\/div>\n<\/div>\n<div class=\"clr\">&nbsp;<\/div>\n<\/div>\n<div class=\"trait_item\">\n<div class=\"trait_foto\"><img decoding=\"async\" class=\"alignleft\" src=\"https:\/\/www.posnet.com.pl\/files\/products_traits\/frontend\/ikona-android.png\" alt=\"\"><\/div>\n<div class=\"trait_content\">\n<div class=\"trait_title\"><strong>Android dystrybucji Posnet<\/strong><\/div>\n<div class=\"trait_desc\">\n<p>Urz\u0105dzenia SAIO dzia\u0142aj\u0105 pod kontrol\u0105 systemu operacyjnego Android. Dystrybucja jest przygotowana i&nbsp;gwarantowana przez Posnet, co zapewnia jej bezpiecze\u0144stwo i&nbsp;stabilno\u015b\u0107 pracy. To daje nam pewno\u015b\u0107, \u017ce u\u017cytkownik mo\u017ce zawsze bezproblemowo korzysta\u0107 z&nbsp;urz\u0105dzenia zgodnie z&nbsp;jego przeznaczeniem.<\/p>\n<\/div>\n<\/div>\n<div class=\"clr\">&nbsp;<\/div>\n<\/div>\n<div class=\"trait_item\">\n<div class=\"trait_foto\">&nbsp;<\/div>\n<div class=\"trait_content\">\n<div class=\"trait_title\">Port USB<\/div>\n<div class=\"trait_desc\">\n<p>Urz\u0105dzenie posiada wbudowany port USB typu A. Dzi\u0119ki temu w&nbsp;\u0142atwy spos\u00f3b \u0142\u0105czy si\u0119 z&nbsp;akcesoriami, takimi jak hub USB, czy skanery kod\u00f3w kreskowych &#8211; dzia\u0142a z&nbsp;wi\u0119kszo\u015bci\u0105 skaner\u00f3w wiod\u0105cych marek, na czele z&nbsp;Honeywell.<\/p>\n<\/div>\n<\/div>\n<div class=\"clr\">&nbsp;<\/div>\n<\/div>\n<div class=\"trait_item\">\n<div class=\"trait_foto\"><img decoding=\"async\" class=\"alignleft\" src=\"https:\/\/www.posnet.com.pl\/files\/products_traits\/frontend\/vero-eparagon-v3.png\" alt=\"\"><\/div>\n<div class=\"trait_content\">\n<div class=\"trait_title\"><strong>E-paragon<\/strong><\/div>\n<div class=\"trait_desc\">\n<p>Produkt spe\u0142nia wymagania techniczne konieczne do obs\u0142ugi e-paragon\u00f3w. Urz\u0105dzenie przeka\u017ce go klientowi po po\u0142\u0105czeniu z&nbsp;odpowiednim systemem dystrybucji e-paragon\u00f3w. Warunkiem takiej operacji jest rezygnacja klienta z&nbsp;fizycznego paragonu.<\/p>\n<\/div>\n<\/div>\n<div class=\"clr\">&nbsp;<\/div>\n<\/div>\n<div class=\"trait_item\">\n<div class=\"trait_foto\"><img decoding=\"async\" class=\"alignleft\" src=\"https:\/\/www.posnet.com.pl\/files\/products_traits\/frontend\/mechanizm-drukujacy-drop.png\" alt=\"\"><\/div>\n<div class=\"trait_content\">\n<div class=\"trait_title\"><strong>Mechanizm drukuj\u0105cy \u201ewrzu\u0107 i drukuj\u201d<\/strong><\/div>\n<div class=\"trait_desc\">\n<p>System szybkiej wymiany papieru \u201edrop-in &#8211; wrzu\u0107 i&nbsp;drukuj\u201d gwarantuje \u0142atw\u0105 obs\u0142ug\u0119 i&nbsp;wydajn\u0105 prac\u0119.<\/p>\n<\/div>\n<\/div>\n<\/div>\n","protected":false},"excerpt":{"rendered":"<p style=\"text-align: justify;\">Evo to wygodny, mobilny i kompleksowy POS dla ma\u0142ych i \u015brednich przedsi\u0119biorc\u00f3w. Dzi\u0119ki atrakcyjnej cenie wynajmu jego u\u017cytkowanie gwarantuje du\u017ce oszcz\u0119dno\u015bci. Evo oferuje intuicyjn\u0105 aplikacj\u0119 sprzeda\u017cow\u0105 oraz mo\u017cliwo\u015b\u0107 obs\u0142ugi p\u0142atno\u015bci bezgot\u00f3wkowych.&nbsp;<\/p>\n","protected":false},"featured_media":67533,"comment_status":"closed","ping_status":"closed","template":"","meta":{"ngg_post_thumbnail":0},"product_brand":[],"product_cat":[24],"product_tag":[],"class_list":{"0":"post-67523","1":"product","2":"type-product","3":"status-publish","4":"has-post-thumbnail","6":"product_cat-bez-kategorii","8":"first","9":"instock","10":"taxable","11":"shipping-taxable","12":"purchasable","13":"product-type-simple"},"_links":{"self":[{"href":"https:\/\/spektrumweb.pl\/index.php\/wp-json\/wp\/v2\/product\/67523","targetHints":{"allow":["GET"]}}],"collection":[{"href":"https:\/\/spektrumweb.pl\/index.php\/wp-json\/wp\/v2\/product"}],"about":[{"href":"https:\/\/spektrumweb.pl\/index.php\/wp-json\/wp\/v2\/types\/product"}],"replies":[{"embeddable":true,"href":"https:\/\/spektrumweb.pl\/index.php\/wp-json\/wp\/v2\/comments?post=67523"}],"wp:featuredmedia":[{"embeddable":true,"href":"https:\/\/spektrumweb.pl\/index.php\/wp-json\/wp\/v2\/media\/67533"}],"wp:attachment":[{"href":"https:\/\/spektrumweb.pl\/index.php\/wp-json\/wp\/v2\/media?parent=67523"}],"wp:term":[{"taxonomy":"product_brand","embeddable":true,"href":"https:\/\/spektrumweb.pl\/index.php\/wp-json\/wp\/v2\/product_brand?post=67523"},{"taxonomy":"product_cat","embeddable":true,"href":"https:\/\/spektrumweb.pl\/index.php\/wp-json\/wp\/v2\/product_cat?post=67523"},{"taxonomy":"product_tag","embeddable":true,"href":"https:\/\/spektrumweb.pl\/index.php\/wp-json\/wp\/v2\/product_tag?post=67523"}],"curies":[{"name":"wp","href":"https:\/\/api.w.org\/{rel}","templated":true}]}}